{"id":731,"date":"2022-03-06T14:03:12","date_gmt":"2022-03-06T13:03:12","guid":{"rendered":"https:\/\/strzelnica.patronus.com.pl\/?page_id=731"},"modified":"2025-09-05T22:58:25","modified_gmt":"2025-09-05T20:58:25","slug":"szkolenie-bron-czaroprochowa","status":"publish","type":"page","link":"https:\/\/strzelnica.patronus.com.pl\/?page_id=731","title":{"rendered":"Bro\u0144 czarnoprochowa"},"content":{"rendered":"\n<figure class=\"wp-block-pullquote\"><blockquote><p>SZKOLENIE STRZELECKIE<\/p><cite>Rewolwery czarnoprochowe<\/cite><\/blockquote><\/figure>\n\n\n\n<figure class=\"wp-block-image size-large is-style-default\"><img loading=\"lazy\" decoding=\"async\" width=\"1024\" height=\"349\" src=\"https:\/\/strzelnica.patronus.com.pl\/wp-content\/uploads\/2022\/04\/pistol-g7609eaf3f_1920-1024x349.jpg\" alt=\"\" class=\"wp-image-822\" srcset=\"https:\/\/strzelnica.patronus.com.pl\/wp-content\/uploads\/2022\/04\/pistol-g7609eaf3f_1920-1024x349.jpg 1024w, https:\/\/strzelnica.patronus.com.pl\/wp-content\/uploads\/2022\/04\/pistol-g7609eaf3f_1920-300x102.jpg 300w, https:\/\/strzelnica.patronus.com.pl\/wp-content\/uploads\/2022\/04\/pistol-g7609eaf3f_1920-768x262.jpg 768w, https:\/\/strzelnica.patronus.com.pl\/wp-content\/uploads\/2022\/04\/pistol-g7609eaf3f_1920-1536x524.jpg 1536w, https:\/\/strzelnica.patronus.com.pl\/wp-content\/uploads\/2022\/04\/pistol-g7609eaf3f_1920.jpg 1920w\" sizes=\"auto, (max-width: 1024px) 100vw, 1024px\" \/><\/figure>\n\n\n\n<p>Zapraszam zainteresowane osoby do zapis\u00f3w na szkolenie zwi\u0105zane z bezpieczn\u0105 obs\u0142ug\u0105 broni czarnoprochowej.<br>W czasie kiedy posiadanie i dost\u0119p do broni czarnoprochowej nie wymaga zezwolenia na bro\u0144,  wiele os\u00f3b dokonuje jej zakupu. Wi\u0105\u017ce si\u0119 to jednak z du\u017c\u0105 odpowiedzialno\u015bci\u0105, poniewa\u017c kula wystrzelona z  broni rozdzielnego \u0142adowania jest tak samo niebezpieczna jak wystrzelona z broni palnej korzystaj\u0105cej z amunicji zespolonej.<\/p>\n\n\n\n<p>Jako g\u0142\u00f3wny cel szkoleniowa przyjmujemy wypracowanie podstawowych zasad bezpiecze\u0144stwa podczas obs\u0142ugi i strzelania z broni czarnoprochowej oraz ich p\u00f3\u017aniejsze stosowanie. <\/p>\n\n\n\n<p>W cenie szkolenia wliczono wystrzelenie 18 pocisk\u00f3w z broni czarnoprochowej. Klient musi dysponowa\u0107 w\u0142asn\u0105 broni\u0105, prochem, kulami, kapiszonami, smarem oraz przybitkami. <\/p>\n\n\n\n<p>Pozosta\u0142e elementy s\u0105 zapewniane od strony szkoleniowej.<\/p>\n\n\n\n<p>Koszt szkolenia to 150 z\u0142\/os. Czas trwania szkolenia oko\u0142o 70 minut<\/p>\n\n\n\n<p><strong>W przypadku braku w\u0142asnej broni udost\u0119pniamy, rewolwer czarnoprochowy Uberti 1858 New Army .44 8&#8243; Inox<\/strong> wraz z prochem, kulami, kapiszonami, smarem oraz przybitkami w cenie 80,00 z\u0142.<\/p>\n\n\n\n<p><br><\/p>\n\n\n\n<figure class=\"wp-block-image size-large\"><img loading=\"lazy\" decoding=\"async\" width=\"1024\" height=\"428\" src=\"https:\/\/strzelnica.patronus.com.pl\/wp-content\/uploads\/2023\/07\/uberti-1024x428.png\" alt=\"\" class=\"wp-image-1647\" srcset=\"https:\/\/strzelnica.patronus.com.pl\/wp-content\/uploads\/2023\/07\/uberti-1024x428.png 1024w, https:\/\/strzelnica.patronus.com.pl\/wp-content\/uploads\/2023\/07\/uberti-300x125.png 300w, https:\/\/strzelnica.patronus.com.pl\/wp-content\/uploads\/2023\/07\/uberti-768x321.png 768w, https:\/\/strzelnica.patronus.com.pl\/wp-content\/uploads\/2023\/07\/uberti-1536x642.png 1536w, https:\/\/strzelnica.patronus.com.pl\/wp-content\/uploads\/2023\/07\/uberti.png 1781w\" sizes=\"auto, (max-width: 1024px) 100vw, 1024px\" \/><\/figure>\n\n\n\n<p><br>Dost\u0119pno\u015b\u0107 szkole\u0144 i terminy prosimy ustala\u0107 indywidualnie.<\/p>\n","protected":false},"excerpt":{"rendered":"<p>SZKOLENIE STRZELECKIE Rewolwery czarnoprochowe Zapraszam zainteresowane osoby do zapis\u00f3w na szkolenie zwi\u0105zane z bezpieczn\u0105 obs\u0142ug\u0105 broni czarnoprochowej.W czasie kiedy posiadanie i dost\u0119p do broni czarnoprochowej nie wymaga zezwolenia na bro\u0144, wiele os\u00f3b dokonuje jej zakupu. Wi\u0105\u017ce si\u0119 to jednak z du\u017c\u0105 odpowiedzialno\u015bci\u0105, poniewa\u017c kula wystrzelona z broni rozdzielnego \u0142adowania jest [&hellip;]<\/p>\n","protected":false},"author":1,"featured_media":0,"parent":0,"menu_order":0,"comment_status":"closed","ping_status":"closed","template":"","meta":{"_themeisle_gutenberg_block_has_review":false,"footnotes":""},"class_list":["post-731","page","type-page","status-publish","hentry"],"_links":{"self":[{"href":"https:\/\/strzelnica.patronus.com.pl\/index.php?rest_route=\/wp\/v2\/pages\/731","targetHints":{"allow":["GET"]}}],"collection":[{"href":"https:\/\/strzelnica.patronus.com.pl\/index.php?rest_route=\/wp\/v2\/pages"}],"about":[{"href":"https:\/\/strzelnica.patronus.com.pl\/index.php?rest_route=\/wp\/v2\/types\/page"}],"author":[{"embeddable":true,"href":"https:\/\/strzelnica.patronus.com.pl\/index.php?rest_route=\/wp\/v2\/users\/1"}],"replies":[{"embeddable":true,"href":"https:\/\/strzelnica.patronus.com.pl\/index.php?rest_route=%2Fwp%2Fv2%2Fcomments&post=731"}],"version-history":[{"count":16,"href":"https:\/\/strzelnica.patronus.com.pl\/index.php?rest_route=\/wp\/v2\/pages\/731\/revisions"}],"predecessor-version":[{"id":1958,"href":"https:\/\/strzelnica.patronus.com.pl\/index.php?rest_route=\/wp\/v2\/pages\/731\/revisions\/1958"}],"wp:attachment":[{"href":"https:\/\/strzelnica.patronus.com.pl\/index.php?rest_route=%2Fwp%2Fv2%2Fmedia&parent=731"}],"curies":[{"name":"wp","href":"https:\/\/api.w.org\/{rel}","templated":true}]}}