{"id":601,"date":"2021-10-02T10:02:10","date_gmt":"2021-10-02T08:02:10","guid":{"rendered":"https:\/\/strzelnica.patronus.com.pl\/?page_id=601"},"modified":"2024-02-20T16:55:19","modified_gmt":"2024-02-20T15:55:19","slug":"pistolety-22lr","status":"publish","type":"page","link":"https:\/\/strzelnica.patronus.com.pl\/?page_id=601","title":{"rendered":"PISTOLETY"},"content":{"rendered":"\n<hr class=\"wp-block-separator has-text-color has-header-gradient-color has-css-opacity has-header-gradient-background-color has-background is-style-wide\"\/>\n\n\n\n<div class=\"wp-block-media-text alignwide is-stacked-on-mobile\"><figure class=\"wp-block-media-text__media\"><img loading=\"lazy\" decoding=\"async\" width=\"736\" height=\"541\" src=\"https:\/\/strzelnica.patronus.com.pl\/wp-content\/uploads\/2020\/09\/czsp01sh.png\" alt=\"\" class=\"wp-image-333 size-full\" srcset=\"https:\/\/strzelnica.patronus.com.pl\/wp-content\/uploads\/2020\/09\/czsp01sh.png 736w, https:\/\/strzelnica.patronus.com.pl\/wp-content\/uploads\/2020\/09\/czsp01sh-300x221.png 300w\" sizes=\"auto, (max-width: 736px) 100vw, 736px\" \/><\/figure><div class=\"wp-block-media-text__content\">\n<p><strong>CZ 75 SP-01 SHADOW<\/strong> to pistolet stworzony z my\u015bl\u0105 o strzelcach praktycznych IPSC. Dostosowany do potrzeb, du\u017cy pistolet samopowtarzalny z mechanizmem spustowym SA\/DA. 114 mm lufa kuta na zimno, waga broni bez magazynka wynosi 1180 gram\u00f3w. &#8222;Shadowka&#8221; zasilana jest z magazynk\u00f3w o pojemno\u015bci 18 naboi 9 mm Para, muszka posiada \u015bwiat\u0142ow\u00f3d. <br>Pistolet CZ SP-01 Shadow zdoby\u0142 uznanie i bardzo dobr\u0105 opini\u0119 \u015brodowiska strzeleckiego. \u015awiat\u0142owodowe przyrz\u0105dy celownicze u\u0142atwiaj\u0105 celowanie. Zaokr\u0105glone kraw\u0119dzie magazynka, znacznie u\u0142atwiaj\u0105 \u0142adowanie. Ta nowa generacja pistoletu CZ 75 SP-01 Shadow jest odpowiednia do samoobrony oraz do uprawiania sportu.&nbsp;<\/p>\n<\/div><\/div>\n\n\n\n<hr class=\"wp-block-separator has-text-color has-header-gradient-color has-css-opacity has-header-gradient-background-color has-background is-style-wide\"\/>\n\n\n\n<div class=\"wp-block-media-text alignwide is-stacked-on-mobile\"><figure class=\"wp-block-media-text__media\"><img loading=\"lazy\" decoding=\"async\" width=\"694\" height=\"504\" src=\"https:\/\/strzelnica.patronus.com.pl\/wp-content\/uploads\/2020\/09\/glock17gen5.png\" alt=\"\" class=\"wp-image-330 size-full\" srcset=\"https:\/\/strzelnica.patronus.com.pl\/wp-content\/uploads\/2020\/09\/glock17gen5.png 694w, https:\/\/strzelnica.patronus.com.pl\/wp-content\/uploads\/2020\/09\/glock17gen5-300x218.png 300w\" sizes=\"auto, (max-width: 694px) 100vw, 694px\" \/><\/figure><div class=\"wp-block-media-text__content\">\n<p><strong>GLOCK 17 Gen5<\/strong>,  kaliber 9&#215;19 mm jest najlepszym przyk\u0142adem na to, \u017ce nieosi\u0105galn\u0105 dla konkurencji poprzeczk\u0119 mo\u017cna podnie\u015b\u0107 jeszcze wy\u017cej.<br>Najnowsza wersja pistoletu Glock zawiera ponad 20 modyfikacji konstrukcyjnych wzgl\u0119dem czwartej generacji. Zmiany obejmuj\u0105 mi\u0119dzy innymi przeprojektowan\u0105 luf\u0119 dla jeszcze lepszej celno\u015bci, niemal niezniszczaln\u0105 pow\u0142ok\u0119 nDLC, obustronne manipulatory (zrzut zamka), zmodyfikowany chwyt dla podniesienia ergonomii, poprawiony mechanizm spustowy. Zmiany te zapewniaj\u0105 niebywa\u0142\u0105 ergonomi\u0119, powtarzalno\u015b\u0107 ka\u017cdego strza\u0142u oraz co najwa\u017cniejsze bezdyskusyjnie najwi\u0119ksz\u0105 niezawodno\u015b\u0107 w tej klasie pistolet\u00f3w.<\/p>\n<\/div><\/div>\n\n\n\n<hr class=\"wp-block-separator has-text-color has-header-gradient-color has-css-opacity has-header-gradient-background-color has-background is-style-wide\"\/>\n\n\n\n<div class=\"wp-block-media-text alignwide is-stacked-on-mobile\"><figure class=\"wp-block-media-text__media\"><img decoding=\"async\" src=\"https:\/\/strzelnica.patronus.com.pl\/wp-content\/uploads\/2020\/09\/walterp99.png\" alt=\"\" class=\"wp-image-292 size-full\"\/><\/figure><div class=\"wp-block-media-text__content\">\n<p><strong>WALTER P99<\/strong> to pistolet samopowtarzalny kal. 9 mm x 19 Parabellum kt\u00f3ry zosta\u0142 skonstruowany na bazie najnowszych technologii, z przeznaczeniem dla policji, s\u0142u\u017cb mundurowych oraz obrony osobistej. Bro\u0144 mo\u017cna bezpiecznie nosi\u0107 z nabojem w komorze nabojowej, co zapewnia natychmiastowe oddanie pierwszego strza\u0142u. Wyr\u00f3\u017cnia si\u0119 ergonomicznym kszta\u0142tem, niezawodnym dzia\u0142aniem, mo\u017cliwo\u015bci\u0105 b\u0142yskawicznego naprowadzenia przyrz\u0105d\u00f3w (kontrastowych i nocnych) na cel oraz du\u017c\u0105 pojemno\u015bci\u0105 magazynka. Walter P99 jest dostosowany dla strzelc\u00f3w prawo- i lewor\u0119cznych.<\/p>\n<\/div><\/div>\n\n\n\n<hr class=\"wp-block-separator has-text-color has-header-gradient-color has-css-opacity has-header-gradient-background-color has-background is-style-wide\"\/>\n\n\n\n<div class=\"wp-block-media-text alignwide is-stacked-on-mobile\"><figure class=\"wp-block-media-text__media\"><img loading=\"lazy\" decoding=\"async\" width=\"838\" height=\"625\" src=\"https:\/\/strzelnica.patronus.com.pl\/wp-content\/uploads\/2024\/02\/large_sf-black-mod-2.jpg\" alt=\"\" class=\"wp-image-1844 size-full\" srcset=\"https:\/\/strzelnica.patronus.com.pl\/wp-content\/uploads\/2024\/02\/large_sf-black-mod-2.jpg 838w, https:\/\/strzelnica.patronus.com.pl\/wp-content\/uploads\/2024\/02\/large_sf-black-mod-2-300x224.jpg 300w, https:\/\/strzelnica.patronus.com.pl\/wp-content\/uploads\/2024\/02\/large_sf-black-mod-2-768x573.jpg 768w\" sizes=\"auto, (max-width: 838px) 100vw, 838px\" \/><\/figure><div class=\"wp-block-media-text__content\">\n<p><strong>CANIK TP9 SF MOD.2<\/strong> to pistolet wyposa\u017cony w:<br>Zestaw przyrz\u0105d\u00f3w celowniczych z 3 bia\u0142ym kropkami<br>Wska\u017anik statusu nabicia iglicy<br>Wska\u017anik za\u0142adowania komory<br>Dwustronny zrzut zamka<br>Mechanizm spustowy SA<br>Wymienna ok\u0142adzina tylna&nbsp;<br>Ergonomiczn\u0105 konstrukcj\u0119 szkieletu z wyko\u0144czeniem Tenifer lub tenifer CERAKOTE\u00ae<br>Niklowane elementy systemu spustowego<br>Zrzut magazynka z funkcj\u0105 przepi\u0119cia na drug\u0105 stron\u0119<br>Szyna Picatinny.&nbsp;<\/p>\n<\/div><\/div>\n\n\n\n<hr class=\"wp-block-separator aligncenter has-text-color has-header-gradient-color has-css-opacity has-header-gradient-background-color has-background is-style-wide\"\/>\n\n\n\n<div class=\"wp-block-media-text alignwide is-stacked-on-mobile\"><figure class=\"wp-block-media-text__media\"><img loading=\"lazy\" decoding=\"async\" width=\"557\" height=\"398\" src=\"https:\/\/strzelnica.patronus.com.pl\/wp-content\/uploads\/2020\/09\/cz_p_0_7_kadet.png\" alt=\"\" class=\"wp-image-213 size-full\" srcset=\"https:\/\/strzelnica.patronus.com.pl\/wp-content\/uploads\/2020\/09\/cz_p_0_7_kadet.png 557w, https:\/\/strzelnica.patronus.com.pl\/wp-content\/uploads\/2020\/09\/cz_p_0_7_kadet-300x214.png 300w\" sizes=\"auto, (max-width: 557px) 100vw, 557px\" \/><\/figure><div class=\"wp-block-media-text__content\">\n<p><strong>CZ P-07<\/strong> to pistolet klasy compact kalibru .22LR <br>Jest to konstrukcja o bardzo nowoczesnej budowie oparta na polimerowym szkielecie ze stalowym zamkiem. <br>Pistolet wykonany z wysokiej jako\u015bci materia\u0142\u00f3w zosta\u0142 wdro\u017cony do produkcji po latach test\u00f3w przeprowadzanych we wsp\u00f3\u0142pracy z wojskiem i s\u0142u\u017cbami. <\/p>\n<\/div><\/div>\n\n\n\n<hr class=\"wp-block-separator aligncenter has-text-color has-header-gradient-color has-css-opacity has-header-gradient-background-color has-background is-style-wide\"\/>\n\n\n\n<div class=\"wp-block-media-text alignwide is-stacked-on-mobile\"><figure class=\"wp-block-media-text__media\"><img loading=\"lazy\" decoding=\"async\" width=\"800\" height=\"516\" src=\"https:\/\/strzelnica.patronus.com.pl\/wp-content\/uploads\/2020\/09\/big_1911-22-BLACK.png\" alt=\"\" class=\"wp-image-218 size-full\" srcset=\"https:\/\/strzelnica.patronus.com.pl\/wp-content\/uploads\/2020\/09\/big_1911-22-BLACK.png 800w, https:\/\/strzelnica.patronus.com.pl\/wp-content\/uploads\/2020\/09\/big_1911-22-BLACK-300x194.png 300w, https:\/\/strzelnica.patronus.com.pl\/wp-content\/uploads\/2020\/09\/big_1911-22-BLACK-768x495.png 768w\" sizes=\"auto, (max-width: 800px) 100vw, 800px\" \/><\/figure><div class=\"wp-block-media-text__content\">\n<p><strong>SIG SAUER 1911-22<\/strong> kaliber .22LR jest to wiern\u0105 kopi\u0105 pistoletu COLT 1911 przystosowan\u0105 do strzelania amunicj\u0105 bocznego zap\u0142onu kalibru .22LR, dzi\u0119ki czemu jej konstrukcja jest bardzo wytrzyma\u0142a. <br>Wielko\u015b\u0107, waga, oraz rozmieszczenie wszystkich przyrz\u0105d\u00f3w s\u0105 identyczne jak w broni kaliber .45ACP, dzi\u0119ki czemu pasuje do kabur i nadaje si\u0119 do prowadzenia trening\u00f3w strzeleckich.<\/p>\n<\/div><\/div>\n\n\n\n<hr class=\"wp-block-separator has-alpha-channel-opacity is-style-wide\"\/>\n\n\n\n<div class=\"wp-block-media-text alignwide is-stacked-on-mobile\"><figure class=\"wp-block-media-text__media\"><img loading=\"lazy\" decoding=\"async\" width=\"750\" height=\"750\" src=\"https:\/\/strzelnica.patronus.com.pl\/wp-content\/uploads\/2022\/04\/pistolet.22lr.png\" alt=\"\" class=\"wp-image-877 size-full\" srcset=\"https:\/\/strzelnica.patronus.com.pl\/wp-content\/uploads\/2022\/04\/pistolet.22lr.png 750w, https:\/\/strzelnica.patronus.com.pl\/wp-content\/uploads\/2022\/04\/pistolet.22lr-300x300.png 300w, https:\/\/strzelnica.patronus.com.pl\/wp-content\/uploads\/2022\/04\/pistolet.22lr-150x150.png 150w\" sizes=\"auto, (max-width: 750px) 100vw, 750px\" \/><\/figure><div class=\"wp-block-media-text__content\">\n<p><strong>GSG Firefly to Sig Sauer 226 w kalibrze 22 LR. <\/strong><\/p>\n\n\n\n<p>Pistolet zasilany jest magazynkami o pojemno\u015bci 10 szt. Mechanizm spustowy SA\/DA dzia\u0142a p\u0142ynnie ale jest nieco twardszy ni\u017c w typowej broni sportowej. Obycie si\u0119 z nim dobrze przygotowuje do strzelania z broni bojowej w kalibrze 9mm. Taki te\u017c by\u0142 pomys\u0142 na ten pistolet: kultowegy modelu Sig Sauer 226 w kalibrze 22 lr.<\/p>\n<\/div><\/div>\n\n\n\n<hr class=\"wp-block-separator has-text-color has-header-gradient-color has-css-opacity has-header-gradient-background-color has-background is-style-wide\"\/>\n\n\n\n<div class=\"wp-block-media-text alignwide is-stacked-on-mobile\"><figure class=\"wp-block-media-text__media\"><img loading=\"lazy\" decoding=\"async\" width=\"802\" height=\"486\" src=\"https:\/\/strzelnica.patronus.com.pl\/wp-content\/uploads\/2022\/11\/margolin1.png\" alt=\"\" class=\"wp-image-1580 size-full\" srcset=\"https:\/\/strzelnica.patronus.com.pl\/wp-content\/uploads\/2022\/11\/margolin1.png 802w, https:\/\/strzelnica.patronus.com.pl\/wp-content\/uploads\/2022\/11\/margolin1-300x182.png 300w, https:\/\/strzelnica.patronus.com.pl\/wp-content\/uploads\/2022\/11\/margolin1-768x465.png 768w\" sizes=\"auto, (max-width: 802px) 100vw, 802px\" \/><\/figure><div class=\"wp-block-media-text__content\">\n<p><strong>MCM Margolin<\/strong>&nbsp;\u2013&nbsp;pistolet samopowtarzalny&nbsp;przeznaczony do prowadzenia szkolenia strzeleckiego i amatorskiego uprawiania sport\u00f3w strzeleckich. <\/p>\n\n\n\n<p>Kaliber: .22 LR<\/p>\n<\/div><\/div>\n\n\n\n<hr class=\"wp-block-separator has-text-color has-header-gradient-color has-css-opacity has-header-gradient-background-color has-background is-style-wide\"\/>\n\n\n\n<div class=\"wp-block-media-text alignwide is-stacked-on-mobile\"><figure class=\"wp-block-media-text__media\"><img loading=\"lazy\" decoding=\"async\" width=\"710\" height=\"404\" src=\"https:\/\/strzelnica.patronus.com.pl\/wp-content\/uploads\/2022\/12\/rak.png\" alt=\"\" class=\"wp-image-1601 size-full\" srcset=\"https:\/\/strzelnica.patronus.com.pl\/wp-content\/uploads\/2022\/12\/rak.png 710w, https:\/\/strzelnica.patronus.com.pl\/wp-content\/uploads\/2022\/12\/rak-300x171.png 300w\" sizes=\"auto, (max-width: 710px) 100vw, 710px\" \/><\/figure><div class=\"wp-block-media-text__content\">\n<p><strong>PM-63 RAK<\/strong> ( co cz\u0119sto b\u0142\u0119dnie t\u0142umaczone jest jako \u201er\u0119czny automat komandos\u00f3w\u201d), wz. 1963, to polski pistolet maszynowy kalibru 9 mm, na nab\u00f3j 9 \u00d7 18 mm Makarowa. Opracowany w latach 60. XX wieku przez prof. Piotra Wilniewczyca. Bro\u0144 zosta\u0142a wyposa\u017cona w kolimator, zainstalowany na dodrukowanym w technologii  3D stela\u017cu. Zmieni\u0142o to ca\u0142kowicie szybko\u015b\u0107 celowania. Oczywi\u015bcie dalej mo\u017cna korzysta\u0107 z otwartych przyrz\u0105d\u00f3w celowniczych.<\/p>\n<\/div><\/div>\n\n\n\n<hr class=\"wp-block-separator has-alpha-channel-opacity is-style-wide\"\/>\n\n\n\n<div class=\"wp-block-buttons is-content-justification-center is-layout-flex wp-container-core-buttons-is-layout-c124d1c4 wp-block-buttons-is-layout-flex\">\n<div class=\"wp-block-button\"><a class=\"wp-block-button__link wp-element-button\" href=\"https:\/\/strzelnica.patronus.com.pl\/?page_id=597\">  KARABINY <\/a><\/div>\n<\/div>\n\n\n\n<hr class=\"wp-block-separator has-alpha-channel-opacity\"\/>\n\n\n\n<div class=\"wp-block-buttons is-horizontal is-content-justification-center is-layout-flex wp-container-core-buttons-is-layout-ef5ce59c wp-block-buttons-is-layout-flex\">\n<div class=\"wp-block-button is-style-fill\"><a class=\"wp-block-button__link wp-element-button\" href=\"https:\/\/strzelnica.patronus.com.pl\/?page_id=203\">REWOLWERY<\/a><\/div>\n<\/div>\n\n\n\n<hr class=\"wp-block-separator has-alpha-channel-opacity\"\/>\n\n\n\n<p><\/p>\n","protected":false},"excerpt":{"rendered":"<p>CZ 75 SP-01 SHADOW to pistolet stworzony z my\u015bl\u0105 o strzelcach praktycznych IPSC. Dostosowany do potrzeb, du\u017cy pistolet samopowtarzalny z mechanizmem spustowym SA\/DA. 114 mm lufa kuta na zimno, waga broni bez magazynka wynosi 1180 gram\u00f3w. &#8222;Shadowka&#8221; zasilana jest z magazynk\u00f3w o pojemno\u015bci 18 naboi 9 mm Para, muszka posiada [&hellip;]<\/p>\n","protected":false},"author":1,"featured_media":0,"parent":0,"menu_order":0,"comment_status":"closed","ping_status":"closed","template":"","meta":{"_themeisle_gutenberg_block_has_review":false,"footnotes":""},"class_list":["post-601","page","type-page","status-publish","hentry"],"_links":{"self":[{"href":"https:\/\/strzelnica.patronus.com.pl\/index.php?rest_route=\/wp\/v2\/pages\/601","targetHints":{"allow":["GET"]}}],"collection":[{"href":"https:\/\/strzelnica.patronus.com.pl\/index.php?rest_route=\/wp\/v2\/pages"}],"about":[{"href":"https:\/\/strzelnica.patronus.com.pl\/index.php?rest_route=\/wp\/v2\/types\/page"}],"author":[{"embeddable":true,"href":"https:\/\/strzelnica.patronus.com.pl\/index.php?rest_route=\/wp\/v2\/users\/1"}],"replies":[{"embeddable":true,"href":"https:\/\/strzelnica.patronus.com.pl\/index.php?rest_route=%2Fwp%2Fv2%2Fcomments&post=601"}],"version-history":[{"count":47,"href":"https:\/\/strzelnica.patronus.com.pl\/index.php?rest_route=\/wp\/v2\/pages\/601\/revisions"}],"predecessor-version":[{"id":1902,"href":"https:\/\/strzelnica.patronus.com.pl\/index.php?rest_route=\/wp\/v2\/pages\/601\/revisions\/1902"}],"wp:attachment":[{"href":"https:\/\/strzelnica.patronus.com.pl\/index.php?rest_route=%2Fwp%2Fv2%2Fmedia&parent=601"}],"curies":[{"name":"wp","href":"https:\/\/api.w.org\/{rel}","templated":true}]}}