{"id":597,"date":"2021-10-02T09:59:57","date_gmt":"2021-10-02T07:59:57","guid":{"rendered":"https:\/\/strzelnica.patronus.com.pl\/?page_id=597"},"modified":"2024-03-01T09:45:55","modified_gmt":"2024-03-01T08:45:55","slug":"karabinki-sportowe","status":"publish","type":"page","link":"https:\/\/strzelnica.patronus.com.pl\/?page_id=597","title":{"rendered":"KARABINY \/ STRZELBY"},"content":{"rendered":"\n<hr class=\"wp-block-separator has-text-color has-header-gradient-color has-css-opacity has-header-gradient-background-color has-background is-style-wide\"\/>\n\n\n\n<div class=\"wp-block-media-text alignwide is-stacked-on-mobile\"><figure class=\"wp-block-media-text__media\"><img loading=\"lazy\" decoding=\"async\" width=\"1024\" height=\"576\" src=\"https:\/\/strzelnica.patronus.com.pl\/wp-content\/uploads\/2024\/02\/grot-1-1024x576-1.png\" alt=\"\" class=\"wp-image-1830 size-full\" srcset=\"https:\/\/strzelnica.patronus.com.pl\/wp-content\/uploads\/2024\/02\/grot-1-1024x576-1.png 1024w, https:\/\/strzelnica.patronus.com.pl\/wp-content\/uploads\/2024\/02\/grot-1-1024x576-1-300x169.png 300w, https:\/\/strzelnica.patronus.com.pl\/wp-content\/uploads\/2024\/02\/grot-1-1024x576-1-768x432.png 768w\" sizes=\"auto, (max-width: 1024px) 100vw, 1024px\" \/><\/figure><div class=\"wp-block-media-text__content\">\n<p><strong>GROT C16 FB-M1&nbsp;<\/strong> to nowoczesny system posiadaj\u0105cy nowatorskie w skali \u015bwiatowej rozwi\u0105zania w dziedzinie broni modu\u0142owej. <\/p>\n\n\n\n<p>Wyposa\u017cony w celownik holograficzny Vortex Razor UH-1 Gen II, sprawia, \u017ce szybkie namierzanie celu i strzelanie jest jeszcze prostsze.<\/p>\n\n\n\n<p>Kaliber: 5.56 NATO \/ 223 Remington<\/p>\n<\/div><\/div>\n\n\n\n<hr class=\"wp-block-separator has-alpha-channel-opacity is-style-wide\"\/>\n\n\n\n<div class=\"wp-block-media-text alignwide is-stacked-on-mobile\"><figure class=\"wp-block-media-text__media\"><img loading=\"lazy\" decoding=\"async\" width=\"1024\" height=\"214\" src=\"https:\/\/strzelnica.patronus.com.pl\/wp-content\/uploads\/2024\/02\/chiappa-1024x214.png\" alt=\"\" class=\"wp-image-1864 size-full\" srcset=\"https:\/\/strzelnica.patronus.com.pl\/wp-content\/uploads\/2024\/02\/chiappa-1024x214.png 1024w, https:\/\/strzelnica.patronus.com.pl\/wp-content\/uploads\/2024\/02\/chiappa-300x63.png 300w, https:\/\/strzelnica.patronus.com.pl\/wp-content\/uploads\/2024\/02\/chiappa-768x160.png 768w, https:\/\/strzelnica.patronus.com.pl\/wp-content\/uploads\/2024\/02\/chiappa.png 1026w\" sizes=\"auto, (max-width: 1024px) 100vw, 1024px\" \/><\/figure><div class=\"wp-block-media-text__content\">\n<p><strong>CHIAPPA 1892 L.A. kal .357 Mag.<\/strong> <\/p>\n\n\n\n<p>Bro\u0144 typu lever action; z zamkiem sterowanym doln\u0105 d\u017awigni\u0105 wahliw\u0105. Zmodyfikowana wersja sztucera Winchester 1892. Legenda Dzikiego Zachodu. <\/p>\n\n\n\n<p>Bro\u0144 przeznaczona do konkurencji \u201ckowbojskich\u201d WAS i CAS oraz strzelania rekreacyjnego. <\/p>\n\n\n\n<p>Kaliber: .357 Magnum<\/p>\n<\/div><\/div>\n\n\n\n<hr class=\"wp-block-separator has-alpha-channel-opacity is-style-wide\"\/>\n\n\n\n<div class=\"wp-block-media-text alignwide is-stacked-on-mobile\"><figure class=\"wp-block-media-text__media\"><img loading=\"lazy\" decoding=\"async\" width=\"996\" height=\"321\" src=\"https:\/\/strzelnica.patronus.com.pl\/wp-content\/uploads\/2020\/09\/akms.png\" alt=\"\" class=\"wp-image-337 size-full\" srcset=\"https:\/\/strzelnica.patronus.com.pl\/wp-content\/uploads\/2020\/09\/akms.png 996w, https:\/\/strzelnica.patronus.com.pl\/wp-content\/uploads\/2020\/09\/akms-300x97.png 300w, https:\/\/strzelnica.patronus.com.pl\/wp-content\/uploads\/2020\/09\/akms-768x248.png 768w\" sizes=\"auto, (max-width: 996px) 100vw, 996px\" \/><\/figure><div class=\"wp-block-media-text__content\">\n<p><strong>AKMS-47<\/strong> to karabinek w ca\u0142o\u015bci budowany w zak\u0142adach w Radomiu. <\/p>\n\n\n\n<p><strong>Specyfikacja:<\/strong><br>Kaliber: 7.62x39mm<br>Regulowana muszka, regulowana szczerbinka<br>Masa: 2.87 kg pusty \/ 3.35 kg z magazynkiem 30 nabojowym<\/p>\n<\/div><\/div>\n\n\n\n<hr class=\"wp-block-separator has-text-color has-header-gradient-color has-css-opacity has-header-gradient-background-color has-background is-style-wide\"\/>\n\n\n\n<div class=\"wp-block-media-text alignwide is-stacked-on-mobile\"><figure class=\"wp-block-media-text__media\"><img loading=\"lazy\" decoding=\"async\" width=\"1024\" height=\"299\" src=\"https:\/\/strzelnica.patronus.com.pl\/wp-content\/uploads\/2020\/09\/ar15-1024x299.png\" alt=\"\" class=\"wp-image-67 size-full\" srcset=\"https:\/\/strzelnica.patronus.com.pl\/wp-content\/uploads\/2020\/09\/ar15-1024x299.png 1024w, https:\/\/strzelnica.patronus.com.pl\/wp-content\/uploads\/2020\/09\/ar15-300x88.png 300w, https:\/\/strzelnica.patronus.com.pl\/wp-content\/uploads\/2020\/09\/ar15-768x224.png 768w, https:\/\/strzelnica.patronus.com.pl\/wp-content\/uploads\/2020\/09\/ar15.png 1069w\" sizes=\"auto, (max-width: 1024px) 100vw, 1024px\" \/><\/figure><div class=\"wp-block-media-text__content\">\n<p><strong>Karabinek<\/strong> <strong>AR-15<\/strong> wyposa\u017cono w p\u0142ywaj\u0105ce \u0142o\u017ce oraz kolb\u0105 z d\u017awigni\u0105 kasuj\u0105c\u0105 luz. Podstaw\u0119 stanowi sprawdzona lufa 16 cali i system gazowym carbine w standardzie milspec.<\/p>\n\n\n\n<p>Wyposa\u017cony w kolimator Eotech 512  sprawia, \u017ce strzelanie jest jeszcze szybsze i prostsze.<br><br><strong>Specyfikacja:<\/strong><br>Kaliber: 5.56 NATO \/ 223 Remington<br>System: gazowy bezpo\u015bredni<br>Waga: 3,070 kg<\/p>\n<\/div><\/div>\n\n\n\n<hr class=\"wp-block-separator has-text-color has-header-gradient-color has-css-opacity has-header-gradient-background-color has-background is-style-wide\"\/>\n\n\n\n<div class=\"wp-block-media-text alignwide is-stacked-on-mobile\"><figure class=\"wp-block-media-text__media\"><img loading=\"lazy\" decoding=\"async\" width=\"1024\" height=\"333\" src=\"https:\/\/strzelnica.patronus.com.pl\/wp-content\/uploads\/2024\/02\/ata-1-1024x333.png\" alt=\"\" class=\"wp-image-1836 size-full\" srcset=\"https:\/\/strzelnica.patronus.com.pl\/wp-content\/uploads\/2024\/02\/ata-1-1024x333.png 1024w, https:\/\/strzelnica.patronus.com.pl\/wp-content\/uploads\/2024\/02\/ata-1-300x98.png 300w, https:\/\/strzelnica.patronus.com.pl\/wp-content\/uploads\/2024\/02\/ata-1-768x250.png 768w, https:\/\/strzelnica.patronus.com.pl\/wp-content\/uploads\/2024\/02\/ata-1-1536x499.png 1536w, https:\/\/strzelnica.patronus.com.pl\/wp-content\/uploads\/2024\/02\/ata-1.png 2000w\" sizes=\"auto, (max-width: 1024px) 100vw, 1024px\" \/><\/figure><div class=\"wp-block-media-text__content\">\n<p><strong>Karabin ATA Turqua PT Practical Blue<\/strong> to nowoczesny karabin ATA z linii Turqua zapewniaj\u0105 specyfikacj\u0119 pozwalaj\u0105c\u0105 osi\u0105ga\u0107 satysfakcjonuj\u0105ce wyniki na strzelnicy. Wysoka jako\u015b\u0107 wykonania, zamek pracuj\u0105cy w zakresie 60 stopni dla szybko\u015bci prze\u0142adowania, oraz wysoka ergonomia osady gwarantuj\u0105 niezwykle komfortow\u0105 obs\u0142ug\u0119. <\/p>\n\n\n\n<p>Wyposa\u017cony w lunet\u0119 celownicz\u0105 Vortex Viper PST II 5-25&#215;50 FFP MRAD, sprawia, \u017ce strzelanie jest jeszcze prostsze.<\/p>\n\n\n\n<p>Kaliber: .308 Win<\/p>\n<\/div><\/div>\n\n\n\n<hr class=\"wp-block-separator has-alpha-channel-opacity is-style-wide\"\/>\n\n\n\n<div class=\"wp-block-media-text alignwide is-stacked-on-mobile\"><figure class=\"wp-block-media-text__media\"><img loading=\"lazy\" decoding=\"async\" width=\"1024\" height=\"512\" src=\"https:\/\/strzelnica.patronus.com.pl\/wp-content\/uploads\/2021\/11\/tippmann-arms-m4-22-elite-22-lr-ar-15-rifle_-black-e1637680786675-1024x512.jpg\" alt=\"\" class=\"wp-image-654 size-full\" srcset=\"https:\/\/strzelnica.patronus.com.pl\/wp-content\/uploads\/2021\/11\/tippmann-arms-m4-22-elite-22-lr-ar-15-rifle_-black-e1637680786675-1024x512.jpg 1024w, https:\/\/strzelnica.patronus.com.pl\/wp-content\/uploads\/2021\/11\/tippmann-arms-m4-22-elite-22-lr-ar-15-rifle_-black-e1637680786675-300x150.jpg 300w, https:\/\/strzelnica.patronus.com.pl\/wp-content\/uploads\/2021\/11\/tippmann-arms-m4-22-elite-22-lr-ar-15-rifle_-black-e1637680786675-768x384.jpg 768w, https:\/\/strzelnica.patronus.com.pl\/wp-content\/uploads\/2021\/11\/tippmann-arms-m4-22-elite-22-lr-ar-15-rifle_-black-e1637680786675.jpg 1200w\" sizes=\"auto, (max-width: 1024px) 100vw, 1024px\" \/><\/figure><div class=\"wp-block-media-text__content\">\n<p><strong>Karabinek Tippmann Arms &#8211; M4-22 Elite-L &#8211; 16\u201d<\/strong><br>Posiada luf\u0119 p\u0142ywaj\u0105c\u0105 o d\u0142ugo\u015bci 16&#8243; i aluminiowe \u0142o\u017ce z otworami monta\u017cowymi M-LOK. Wyposa\u017cony w otwarte przyrz\u0105dy celownicze. <\/p>\n\n\n\n<p><strong>Specyfikacja:<\/strong><br>Kaliber: .22LR (5,6 mm)<br>Masa: 2,58 kg<br>D\u0142ugo\u015b\u0107 ca\u0142kowita: 793.75 &#8211; 876.3 mm<br>D\u0142ugo\u015b\u0107 lufy: 406 mm<br><\/p>\n<\/div><\/div>\n\n\n\n<hr class=\"wp-block-separator has-alpha-channel-opacity is-style-wide\"\/>\n\n\n\n<div class=\"wp-block-media-text alignwide is-stacked-on-mobile\"><figure class=\"wp-block-media-text__media\"><img loading=\"lazy\" decoding=\"async\" width=\"1024\" height=\"512\" src=\"https:\/\/strzelnica.patronus.com.pl\/wp-content\/uploads\/2022\/11\/tippm.png\" alt=\"\" class=\"wp-image-1594 size-full\" srcset=\"https:\/\/strzelnica.patronus.com.pl\/wp-content\/uploads\/2022\/11\/tippm.png 1024w, https:\/\/strzelnica.patronus.com.pl\/wp-content\/uploads\/2022\/11\/tippm-300x150.png 300w, https:\/\/strzelnica.patronus.com.pl\/wp-content\/uploads\/2022\/11\/tippm-768x384.png 768w\" sizes=\"auto, (max-width: 1024px) 100vw, 1024px\" \/><\/figure><div class=\"wp-block-media-text__content\">\n<p><strong>Karabinek Tippmann Arms &#8211; M4-22 Elite-L &#8211; 16\u201d<\/strong><br>Posiada luf\u0119 p\u0142ywaj\u0105c\u0105 o d\u0142ugo\u015bci 16&#8243; i aluminiowe \u0142o\u017ce z otworami monta\u017cowymi M-LOK. Wyposa\u017cony w kolimator VORTEX Sparc AR 1&#215;22<\/p>\n\n\n\n<p><strong>Specyfikacja:<\/strong><br>Kaliber: .22LR (5,6 mm)<br>Masa: 2,58 kg<br>D\u0142ugo\u015b\u0107 ca\u0142kowita: 793.75 &#8211; 876.3 mm<br>D\u0142ugo\u015b\u0107 lufy: 406 mm<br><\/p>\n<\/div><\/div>\n\n\n\n<hr class=\"wp-block-separator has-alpha-channel-opacity is-style-wide\"\/>\n\n\n\n<div class=\"wp-block-media-text alignwide is-stacked-on-mobile\"><figure class=\"wp-block-media-text__media\"><img loading=\"lazy\" decoding=\"async\" width=\"600\" height=\"141\" src=\"https:\/\/strzelnica.patronus.com.pl\/wp-content\/uploads\/2020\/09\/hatsan.png\" alt=\"\" class=\"wp-image-372 size-full\" srcset=\"https:\/\/strzelnica.patronus.com.pl\/wp-content\/uploads\/2020\/09\/hatsan.png 600w, https:\/\/strzelnica.patronus.com.pl\/wp-content\/uploads\/2020\/09\/hatsan-300x71.png 300w\" sizes=\"auto, (max-width: 600px) 100vw, 600px\" \/><\/figure><div class=\"wp-block-media-text__content\">\n<p><strong>Hatsan Escort Aimguard 20<\/strong> to powtarzalna strzelba taktyczna pump action, do strzelania sportowego i rekreacyjnego.<br>Strzelby 12GA  model Hatsan Escort Aimguard jest tak\u017ce na wyposa\u017ceniu polskiej Policji.<\/p>\n\n\n\n<p><strong>Specyfikacja:<\/strong><br>Wagomiar 12\/76<\/p>\n<\/div><\/div>\n\n\n\n<hr class=\"wp-block-separator has-alpha-channel-opacity is-style-wide\"\/>\n\n\n\n<div class=\"wp-block-media-text alignwide is-stacked-on-mobile\"><figure class=\"wp-block-media-text__media\"><img loading=\"lazy\" decoding=\"async\" width=\"1006\" height=\"221\" src=\"https:\/\/strzelnica.patronus.com.pl\/wp-content\/uploads\/2022\/03\/strzelba-bajkal-mp-27em.png\" alt=\"\" class=\"wp-image-786 size-full\" srcset=\"https:\/\/strzelnica.patronus.com.pl\/wp-content\/uploads\/2022\/03\/strzelba-bajkal-mp-27em.png 1006w, https:\/\/strzelnica.patronus.com.pl\/wp-content\/uploads\/2022\/03\/strzelba-bajkal-mp-27em-300x66.png 300w, https:\/\/strzelnica.patronus.com.pl\/wp-content\/uploads\/2022\/03\/strzelba-bajkal-mp-27em-768x169.png 768w\" sizes=\"auto, (max-width: 1006px) 100vw, 1006px\" \/><\/figure><div class=\"wp-block-media-text__content\">\n<p><strong>Strzelba BAJKA\u0141 I\u017b 27M<\/strong> to klasyczny bock wyposa\u017cony w 2 spusty. <br>Wyposa\u017cenie broni w automatyczny bezpiecznik, czyni jednostk\u0119 bezpieczn\u0105 r\u0119kach niedo\u015bwiadczonego my\u015bliwego.<\/p>\n\n\n\n<p><strong>Specyfikacja:<\/strong><br>Wagomiar 12\/76<\/p>\n<\/div><\/div>\n\n\n\n<hr class=\"wp-block-separator has-alpha-channel-opacity is-style-wide\"\/>\n\n\n\n<div class=\"wp-block-media-text alignwide is-stacked-on-mobile\"><figure class=\"wp-block-media-text__media\"><img loading=\"lazy\" decoding=\"async\" width=\"920\" height=\"219\" src=\"https:\/\/strzelnica.patronus.com.pl\/wp-content\/uploads\/2022\/10\/stzrelba-\u2014-kopia.png\" alt=\"\" class=\"wp-image-1532 size-full\" srcset=\"https:\/\/strzelnica.patronus.com.pl\/wp-content\/uploads\/2022\/10\/stzrelba-\u2014-kopia.png 920w, https:\/\/strzelnica.patronus.com.pl\/wp-content\/uploads\/2022\/10\/stzrelba-\u2014-kopia-300x71.png 300w, https:\/\/strzelnica.patronus.com.pl\/wp-content\/uploads\/2022\/10\/stzrelba-\u2014-kopia-768x183.png 768w\" sizes=\"auto, (max-width: 920px) 100vw, 920px\" \/><\/figure><div class=\"wp-block-media-text__content\">\n<p>Klasyczna strzelba jednolufowa, Pojedynki nadal s\u0105 u\u017cywane w wielu krajach na polowaniach, s\u0105 znane z niezawodno\u015bci i bardzo niskiej masy. Na strzelnicy gwarantuj\u0105 \u015bwietn\u0105 zabaw\u0119.<\/p>\n\n\n\n<p><strong>Specyfikacja:<\/strong><br>Wagomiar 12\/76<\/p>\n<\/div><\/div>\n\n\n\n<hr class=\"wp-block-separator has-alpha-channel-opacity is-style-wide\"\/>\n\n\n\n<div class=\"wp-block-media-text alignwide is-stacked-on-mobile\"><figure class=\"wp-block-media-text__media\"><img loading=\"lazy\" decoding=\"async\" width=\"1000\" height=\"258\" src=\"https:\/\/strzelnica.patronus.com.pl\/wp-content\/uploads\/2022\/11\/iz.dubeltowka.png\" alt=\"\" class=\"wp-image-1585 size-full\" srcset=\"https:\/\/strzelnica.patronus.com.pl\/wp-content\/uploads\/2022\/11\/iz.dubeltowka.png 1000w, https:\/\/strzelnica.patronus.com.pl\/wp-content\/uploads\/2022\/11\/iz.dubeltowka-300x77.png 300w, https:\/\/strzelnica.patronus.com.pl\/wp-content\/uploads\/2022\/11\/iz.dubeltowka-768x198.png 768w\" sizes=\"auto, (max-width: 1000px) 100vw, 1000px\" \/><\/figure><div class=\"wp-block-media-text__content\">\n<p><strong>Dubelt\u00f3wka I\u017b 58<\/strong><br>Klasyczna strzelba dwulufowa<\/p>\n\n\n\n<p><strong>Specyfikacja:<\/strong><br>Wagomiar 12\/76<\/p>\n<\/div><\/div>\n\n\n\n<hr class=\"wp-block-separator has-alpha-channel-opacity is-style-wide\"\/>\n\n\n\n<div class=\"wp-block-media-text alignwide is-stacked-on-mobile\"><figure class=\"wp-block-media-text__media\"><img loading=\"lazy\" decoding=\"async\" width=\"800\" height=\"203\" src=\"https:\/\/strzelnica.patronus.com.pl\/wp-content\/uploads\/2020\/09\/toz8.png\" alt=\"\" class=\"wp-image-368 size-full\" srcset=\"https:\/\/strzelnica.patronus.com.pl\/wp-content\/uploads\/2020\/09\/toz8.png 800w, https:\/\/strzelnica.patronus.com.pl\/wp-content\/uploads\/2020\/09\/toz8-300x76.png 300w, https:\/\/strzelnica.patronus.com.pl\/wp-content\/uploads\/2020\/09\/toz8-768x195.png 768w\" sizes=\"auto, (max-width: 800px) 100vw, 800px\" \/><\/figure><div class=\"wp-block-media-text__content\">\n<p class=\"has-normal-font-size\"><strong>Karabinek KBKS TOZ-8<\/strong><br>( \u041c\u0430\u043b\u043e\u043a\u0430\u043b\u0438\u0431\u0435\u0440\u043d\u0430\u044f \u0432\u0438\u043d\u0442\u043e\u0432\u043a\u0430 \u0422\u041e\u0417-8 )<br>Produkowany seryjnie od 1932 roku.<br>Jednostrza\u0142owy karabin powtarzalny z luf\u0105 gwintowan\u0105. Kolba i \u0142o\u017ce drewniane.<\/p>\n\n\n\n<p><strong>Specyfikacja:<\/strong><br>Kaliber: .22LR (5,6 mm)<br>Masa: 3,12 kg<br>D\u0142ugo\u015b\u0107 ca\u0142kowita: 1.110 mm<br>D\u0142ugo\u015b\u0107 lufy: 640 mm<br>Szybkostrzelno\u015b\u0107: praktyczna 10-12 strz.\/min<\/p>\n<\/div><\/div>\n\n\n\n<hr class=\"wp-block-separator has-alpha-channel-opacity is-style-wide\"\/>\n\n\n\n<div class=\"wp-block-media-text alignwide is-stacked-on-mobile\"><figure class=\"wp-block-media-text__media\"><img loading=\"lazy\" decoding=\"async\" width=\"1024\" height=\"266\" src=\"https:\/\/strzelnica.patronus.com.pl\/wp-content\/uploads\/2022\/05\/52487994_2214256282167399_3465284166801686528_n-1024x266.jpg\" alt=\"\" class=\"wp-image-1320 size-full\" srcset=\"https:\/\/strzelnica.patronus.com.pl\/wp-content\/uploads\/2022\/05\/52487994_2214256282167399_3465284166801686528_n-1024x266.jpg 1024w, https:\/\/strzelnica.patronus.com.pl\/wp-content\/uploads\/2022\/05\/52487994_2214256282167399_3465284166801686528_n-300x78.jpg 300w, https:\/\/strzelnica.patronus.com.pl\/wp-content\/uploads\/2022\/05\/52487994_2214256282167399_3465284166801686528_n-768x199.jpg 768w, https:\/\/strzelnica.patronus.com.pl\/wp-content\/uploads\/2022\/05\/52487994_2214256282167399_3465284166801686528_n-1536x398.jpg 1536w, https:\/\/strzelnica.patronus.com.pl\/wp-content\/uploads\/2022\/05\/52487994_2214256282167399_3465284166801686528_n-2048x531.jpg 2048w\" sizes=\"auto, (max-width: 1024px) 100vw, 1024px\" \/><\/figure><div class=\"wp-block-media-text__content\">\n<p><strong>KARABINEK KBKS<\/strong> <strong>CZ 455 ULTRA MATCH<\/strong> charakteryzuje si\u0119 ponadprzeci\u0119tn\u0105 dok\u0142adno\u015bci\u0105, dzi\u0119ki 12-bruzdowemu gwintowi, pomaga usprawni\u0107 celno\u015b\u0107 strza\u0142u.<\/p>\n\n\n\n<p><strong>Specyfikacja:<\/strong><br>Pojemno\u015b\u0107 magazynka :&nbsp;10 szt.<br>Kaliber :&nbsp;22 LR (16&#8243;)<br>Kolba :&nbsp;Drewniana &#8211; bukowa<\/p>\n<\/div><\/div>\n\n\n\n<hr class=\"wp-block-separator has-text-color has-header-gradient-color has-css-opacity has-header-gradient-background-color has-background is-style-wide\"\/>\n\n\n\n<div class=\"wp-block-media-text alignwide is-stacked-on-mobile\"><figure class=\"wp-block-media-text__media\"><img loading=\"lazy\" decoding=\"async\" width=\"719\" height=\"156\" src=\"https:\/\/strzelnica.patronus.com.pl\/wp-content\/uploads\/2020\/09\/ans.png\" alt=\"\" class=\"wp-image-66 size-full\" srcset=\"https:\/\/strzelnica.patronus.com.pl\/wp-content\/uploads\/2020\/09\/ans.png 719w, https:\/\/strzelnica.patronus.com.pl\/wp-content\/uploads\/2020\/09\/ans-300x65.png 300w\" sizes=\"auto, (max-width: 719px) 100vw, 719px\" \/><\/figure><div class=\"wp-block-media-text__content\">\n<p><strong>Karabinek KBKS ANSCHUTZ, model 1400<\/strong> z lunet\u0105<br><br><strong>Specyfikacja:<\/strong><br>Kaliber: .22lr (5,6 mm)<br>Masa: 2226g<br>D\u0142ugo\u015b\u0107 ca\u0142kowita: 99cm<br>D\u0142ugo\u015b\u0107 lufy: 55,5cm<br>Szybkostrzelno\u015b\u0107: praktyczna 10-12 strz.\/min<\/p>\n<\/div><\/div>\n\n\n\n<hr class=\"wp-block-separator has-text-color has-header-gradient-color has-css-opacity has-header-gradient-background-color has-background is-style-wide\"\/>\n\n\n\n<div class=\"wp-block-media-text alignwide is-stacked-on-mobile\"><figure class=\"wp-block-media-text__media\"><img loading=\"lazy\" decoding=\"async\" width=\"944\" height=\"205\" src=\"https:\/\/strzelnica.patronus.com.pl\/wp-content\/uploads\/2020\/09\/toz17.01.png\" alt=\"\" class=\"wp-image-364 size-full\" srcset=\"https:\/\/strzelnica.patronus.com.pl\/wp-content\/uploads\/2020\/09\/toz17.01.png 944w, https:\/\/strzelnica.patronus.com.pl\/wp-content\/uploads\/2020\/09\/toz17.01-300x65.png 300w, https:\/\/strzelnica.patronus.com.pl\/wp-content\/uploads\/2020\/09\/toz17.01-768x167.png 768w\" sizes=\"auto, (max-width: 944px) 100vw, 944px\" \/><\/figure><div class=\"wp-block-media-text__content\">\n<p><strong>Karabinek KBKS TOZ 17-01<\/strong><br><br><strong>Specyfikacja:<\/strong><br>Kaliber: .22LR (5,6 mm)<br>Masa: 2,20 kg<br>D\u0142ugo\u015b\u0107 ca\u0142kowita: 1020 mm<br>D\u0142ugo\u015b\u0107 lufy: 500 mm<br>Szybkostrzelno\u015b\u0107: praktyczna 10-12 strz.\/min<\/p>\n<\/div><\/div>\n\n\n\n<hr class=\"wp-block-separator has-text-color has-header-gradient-color has-css-opacity has-header-gradient-background-color has-background is-style-wide\"\/>\n\n\n\n<div class=\"wp-block-media-text alignwide is-stacked-on-mobile\"><figure class=\"wp-block-media-text__media\"><img loading=\"lazy\" decoding=\"async\" width=\"1024\" height=\"286\" src=\"https:\/\/strzelnica.patronus.com.pl\/wp-content\/uploads\/2022\/04\/ROSS.i22LR-1024x286.png\" alt=\"\" class=\"wp-image-880 size-full\" srcset=\"https:\/\/strzelnica.patronus.com.pl\/wp-content\/uploads\/2022\/04\/ROSS.i22LR-1024x286.png 1024w, https:\/\/strzelnica.patronus.com.pl\/wp-content\/uploads\/2022\/04\/ROSS.i22LR-300x84.png 300w, https:\/\/strzelnica.patronus.com.pl\/wp-content\/uploads\/2022\/04\/ROSS.i22LR-768x214.png 768w, https:\/\/strzelnica.patronus.com.pl\/wp-content\/uploads\/2022\/04\/ROSS.i22LR-1536x429.png 1536w, https:\/\/strzelnica.patronus.com.pl\/wp-content\/uploads\/2022\/04\/ROSS.i22LR-2048x572.png 2048w\" sizes=\"auto, (max-width: 1024px) 100vw, 1024px\" \/><\/figure><div class=\"wp-block-media-text__content\">\n<p><strong>Karabinek Rossi 21&#8243;<\/strong>&#8211; karabinek sportowy .22LR<br>z czterotaktowym zamkiem.<\/p>\n\n\n\n<p>Osada wykonana z czarnego tworzywa sztucznego z moletowan\u0105 r\u0119koje\u015bci\u0105. <\/p>\n\n\n\n<p>\u015awiat\u0142owodowe przyrz\u0105dy celownicze.<\/p>\n<\/div><\/div>\n\n\n\n<hr class=\"wp-block-separator has-text-color has-header-gradient-color has-css-opacity has-header-gradient-background-color has-background is-style-wide\"\/>\n\n\n\n<div class=\"wp-block-media-text alignwide is-stacked-on-mobile\"><figure class=\"wp-block-media-text__media\"><img loading=\"lazy\" decoding=\"async\" width=\"1024\" height=\"147\" src=\"https:\/\/strzelnica.patronus.com.pl\/wp-content\/uploads\/2022\/11\/mosin-1024x147.png\" alt=\"\" class=\"wp-image-1565 size-full\" srcset=\"https:\/\/strzelnica.patronus.com.pl\/wp-content\/uploads\/2022\/11\/mosin-1024x147.png 1024w, https:\/\/strzelnica.patronus.com.pl\/wp-content\/uploads\/2022\/11\/mosin-300x43.png 300w, https:\/\/strzelnica.patronus.com.pl\/wp-content\/uploads\/2022\/11\/mosin-768x110.png 768w, https:\/\/strzelnica.patronus.com.pl\/wp-content\/uploads\/2022\/11\/mosin-1536x221.png 1536w, https:\/\/strzelnica.patronus.com.pl\/wp-content\/uploads\/2022\/11\/mosin.png 1825w\" sizes=\"auto, (max-width: 1024px) 100vw, 1024px\" \/><\/figure><div class=\"wp-block-media-text__content\">\n<p><strong>Karabin Mosin<\/strong> &#8211; <strong>wz. 1891\/30<\/strong>&nbsp;(<a href=\"https:\/\/pl.wikipedia.org\/wiki\/J%C4%99zyk_rosyjski\">ros.<\/a>&nbsp;<em>\u0412\u0438\u043d\u0442\u043e\u0432\u043a\u0430 \u043e\u0431\u0440\u0430\u0437\u0446\u0430 1891\/30 \u0433.<\/em>) <br>Zmodernizowany karabin oparty na wzorze drago\u0144skim. <\/p>\n\n\n\n<p>Kaliber: 7,62 x 54R<\/p>\n<\/div><\/div>\n\n\n\n<hr class=\"wp-block-separator has-alpha-channel-opacity is-style-wide\"\/>\n\n\n\n<p class=\"has-text-align-center\"><a href=\"https:\/\/strzelnica.patronus.com.pl\/?page_id=601\"><strong><mark style=\"background-color:#2781e8\" class=\"has-inline-color has-white-color\">PISTOLETY<\/mark><\/strong><\/a><\/p>\n\n\n\n<hr class=\"wp-block-separator has-alpha-channel-opacity\"\/>\n\n\n\n<p class=\"has-text-align-center\"><a href=\"https:\/\/strzelnica.patronus.com.pl\/?page_id=203\"><strong><mark style=\"background-color:#2781e8\" class=\"has-inline-color has-white-color\">REWOLWERY<\/mark><\/strong><\/a><\/p>\n","protected":false},"excerpt":{"rendered":"<p>GROT C16 FB-M1&nbsp; to nowoczesny system posiadaj\u0105cy nowatorskie w skali \u015bwiatowej rozwi\u0105zania w dziedzinie broni modu\u0142owej. Wyposa\u017cony w celownik holograficzny Vortex Razor UH-1 Gen II, sprawia, \u017ce szybkie namierzanie celu i strzelanie jest jeszcze prostsze. Kaliber: 5.56 NATO \/ 223 Remington CHIAPPA 1892 L.A. kal .357 Mag. Bro\u0144 typu lever [&hellip;]<\/p>\n","protected":false},"author":1,"featured_media":0,"parent":0,"menu_order":0,"comment_status":"closed","ping_status":"closed","template":"","meta":{"_themeisle_gutenberg_block_has_review":false,"footnotes":""},"class_list":["post-597","page","type-page","status-publish","hentry"],"_links":{"self":[{"href":"https:\/\/strzelnica.patronus.com.pl\/index.php?rest_route=\/wp\/v2\/pages\/597","targetHints":{"allow":["GET"]}}],"collection":[{"href":"https:\/\/strzelnica.patronus.com.pl\/index.php?rest_route=\/wp\/v2\/pages"}],"about":[{"href":"https:\/\/strzelnica.patronus.com.pl\/index.php?rest_route=\/wp\/v2\/types\/page"}],"author":[{"embeddable":true,"href":"https:\/\/strzelnica.patronus.com.pl\/index.php?rest_route=\/wp\/v2\/users\/1"}],"replies":[{"embeddable":true,"href":"https:\/\/strzelnica.patronus.com.pl\/index.php?rest_route=%2Fwp%2Fv2%2Fcomments&post=597"}],"version-history":[{"count":55,"href":"https:\/\/strzelnica.patronus.com.pl\/index.php?rest_route=\/wp\/v2\/pages\/597\/revisions"}],"predecessor-version":[{"id":1907,"href":"https:\/\/strzelnica.patronus.com.pl\/index.php?rest_route=\/wp\/v2\/pages\/597\/revisions\/1907"}],"wp:attachment":[{"href":"https:\/\/strzelnica.patronus.com.pl\/index.php?rest_route=%2Fwp%2Fv2%2Fmedia&parent=597"}],"curies":[{"name":"wp","href":"https:\/\/api.w.org\/{rel}","templated":true}]}}