{"id":485,"date":"2020-10-15T17:59:30","date_gmt":"2020-10-15T15:59:30","guid":{"rendered":"https:\/\/strzelnica.patronus.com.pl\/?page_id=485"},"modified":"2023-07-28T15:55:01","modified_gmt":"2023-07-28T13:55:01","slug":"regulamin","status":"publish","type":"page","link":"https:\/\/strzelnica.patronus.com.pl\/?page_id=485","title":{"rendered":"REGULAMIN"},"content":{"rendered":"\n<hr class=\"wp-block-separator has-alpha-channel-opacity is-style-wide\"\/>\n\n\n\n<p><strong>W przypadku strzelania z osob\u0105 niepe\u0142noletni\u0105 prosz\u0119 o uzupe\u0142nienie, podpisanie i przyniesienie na Strzelnic\u0119 poni\u017cszego o\u015bwiadczenia.<\/strong><\/p>\n\n\n\n<p><br><em>(ROZPORZ\u0104DZENIE MINISTRA SPRAW WEWN\u0118TRZNYCH I ADMINISTRACJI z dnia 15 marca 2000 r. w sprawie wzorcowego regulaminu strzelnic. (Rozdzia\u0142 3, Spos\u00f3b zachowania si\u0119 os\u00f3b przebywaj\u0105cych na strzelnicy, 7.Dzieci mog\u0105 przebywa\u0107 na strzelnicy wy\u0142\u0105cznie pod bezpo\u015brednim nadzorem rodzic\u00f3w lub opiekun\u00f3w.)<\/em><\/p>\n\n\n\n<hr class=\"wp-block-separator has-alpha-channel-opacity\"\/>\n\n\n\n<div class=\"wp-block-file aligncenter\"><a id=\"wp-block-file--media-91b93a50-f5de-45b5-a60a-00cd9fbe288a\" href=\"https:\/\/strzelnica.patronus.com.pl\/wp-content\/uploads\/2023\/07\/Strzelnica-Sportowa-zgoda-opiekuna.pdf\">Zgoda opiekuna prawnego<\/a><a href=\"https:\/\/strzelnica.patronus.com.pl\/wp-content\/uploads\/2023\/07\/Strzelnica-Sportowa-zgoda-opiekuna.pdf\" class=\"wp-block-file__button wp-element-button\" download aria-describedby=\"wp-block-file--media-91b93a50-f5de-45b5-a60a-00cd9fbe288a\">Pobierz<\/a><\/div>\n\n\n\n<hr class=\"wp-block-separator has-alpha-channel-opacity is-style-wide\"\/>\n\n\n\n<figure class=\"wp-block-image size-full is-resized\"><img loading=\"lazy\" decoding=\"async\" src=\"https:\/\/strzelnica.patronus.com.pl\/wp-content\/uploads\/2020\/10\/regulamin1_3.jpg\" alt=\"\" class=\"wp-image-494\" width=\"1240\" height=\"1754\"\/><\/figure>\n\n\n\n<figure class=\"wp-block-image size-full is-resized\"><img loading=\"lazy\" decoding=\"async\" src=\"https:\/\/strzelnica.patronus.com.pl\/wp-content\/uploads\/2020\/10\/regulamin2_3.jpg\" alt=\"\" class=\"wp-image-495\" width=\"1240\" height=\"1754\"\/><\/figure>\n\n\n\n<figure class=\"wp-block-image size-full is-resized\"><img loading=\"lazy\" decoding=\"async\" src=\"https:\/\/strzelnica.patronus.com.pl\/wp-content\/uploads\/2020\/10\/regulamin3_3.jpg\" alt=\"\" class=\"wp-image-496\" width=\"1240\" height=\"1754\"\/><\/figure>\n","protected":false},"excerpt":{"rendered":"<p>W przypadku strzelania z osob\u0105 niepe\u0142noletni\u0105 prosz\u0119 o uzupe\u0142nienie, podpisanie i przyniesienie na Strzelnic\u0119 poni\u017cszego o\u015bwiadczenia. (ROZPORZ\u0104DZENIE MINISTRA SPRAW WEWN\u0118TRZNYCH I ADMINISTRACJI z dnia 15 marca 2000 r. w sprawie wzorcowego regulaminu strzelnic. (Rozdzia\u0142 3, Spos\u00f3b zachowania si\u0119 os\u00f3b przebywaj\u0105cych na strzelnicy, 7.Dzieci mog\u0105 przebywa\u0107 na strzelnicy wy\u0142\u0105cznie pod bezpo\u015brednim [&hellip;]<\/p>\n","protected":false},"author":1,"featured_media":0,"parent":0,"menu_order":0,"comment_status":"closed","ping_status":"closed","template":"page-templates\/template-fullwidth.php","meta":{"_themeisle_gutenberg_block_has_review":false,"footnotes":""},"class_list":["post-485","page","type-page","status-publish","hentry"],"_links":{"self":[{"href":"https:\/\/strzelnica.patronus.com.pl\/index.php?rest_route=\/wp\/v2\/pages\/485","targetHints":{"allow":["GET"]}}],"collection":[{"href":"https:\/\/strzelnica.patronus.com.pl\/index.php?rest_route=\/wp\/v2\/pages"}],"about":[{"href":"https:\/\/strzelnica.patronus.com.pl\/index.php?rest_route=\/wp\/v2\/types\/page"}],"author":[{"embeddable":true,"href":"https:\/\/strzelnica.patronus.com.pl\/index.php?rest_route=\/wp\/v2\/users\/1"}],"replies":[{"embeddable":true,"href":"https:\/\/strzelnica.patronus.com.pl\/index.php?rest_route=%2Fwp%2Fv2%2Fcomments&post=485"}],"version-history":[{"count":15,"href":"https:\/\/strzelnica.patronus.com.pl\/index.php?rest_route=\/wp\/v2\/pages\/485\/revisions"}],"predecessor-version":[{"id":1750,"href":"https:\/\/strzelnica.patronus.com.pl\/index.php?rest_route=\/wp\/v2\/pages\/485\/revisions\/1750"}],"wp:attachment":[{"href":"https:\/\/strzelnica.patronus.com.pl\/index.php?rest_route=%2Fwp%2Fv2%2Fmedia&parent=485"}],"curies":[{"name":"wp","href":"https:\/\/api.w.org\/{rel}","templated":true}]}}