{"id":203,"date":"2020-09-09T20:13:55","date_gmt":"2020-09-09T18:13:55","guid":{"rendered":"https:\/\/strzelnica.patronus.com.pl\/?page_id=203"},"modified":"2024-02-07T15:03:24","modified_gmt":"2024-02-07T14:03:24","slug":"rewolwery","status":"publish","type":"page","link":"https:\/\/strzelnica.patronus.com.pl\/?page_id=203","title":{"rendered":"REWOLWERY"},"content":{"rendered":"\n<hr class=\"wp-block-separator has-text-color has-header-gradient-color has-css-opacity has-header-gradient-background-color has-background is-style-wide\"\/>\n\n\n\n<div class=\"wp-block-media-text alignwide is-stacked-on-mobile\"><figure class=\"wp-block-media-text__media\"><img loading=\"lazy\" decoding=\"async\" width=\"900\" height=\"535\" src=\"https:\/\/strzelnica.patronus.com.pl\/wp-content\/uploads\/2024\/02\/tau.png\" alt=\"\" class=\"wp-image-1825 size-full\" srcset=\"https:\/\/strzelnica.patronus.com.pl\/wp-content\/uploads\/2024\/02\/tau.png 900w, https:\/\/strzelnica.patronus.com.pl\/wp-content\/uploads\/2024\/02\/tau-300x178.png 300w, https:\/\/strzelnica.patronus.com.pl\/wp-content\/uploads\/2024\/02\/tau-768x457.png 768w\" sizes=\"auto, (max-width: 900px) 100vw, 900px\" \/><\/figure><div class=\"wp-block-media-text__content\">\n<p class=\"has-normal-font-size\"><strong>Rewolwer Taurus 692 Tracker SS Matte kal. 357 Mag\/9mmP<\/strong><\/p>\n\n\n\n<p class=\"has-normal-font-size\">to 7-strza\u0142owy rewolwer Taurus 692 Multi-Caliber z luf\u0105 <br>6-1\/2 cala to nietuzinkowa konstrukcja pozwalaj\u0105ca na \u0142atw\u0105 zmian\u0119 u\u017cywanej amunicji z 38 Special +P\/357 Magnum na 9mm Luger<\/p>\n\n\n\n<p class=\"has-normal-font-size\"><strong>Specyfikacja:<\/strong><br>Model: Taurus 692 Tracker<br>Kaliber: .357Mag, 38Spec i 38S&amp;W, 9mmP\/9\u00d719<br>D\u0142ugo\u015b\u0107 lufy: 6,5&#8243; (16,5mm)<br>Waga ca\u0142kowita: 1304g<br>Pojemno\u015b\u0107 magazynka: 7-strz.<\/p>\n<\/div><\/div>\n\n\n\n<hr class=\"wp-block-separator has-text-color has-header-gradient-color has-css-opacity has-header-gradient-background-color has-background is-style-wide\"\/>\n\n\n\n<div class=\"wp-block-media-text alignwide is-stacked-on-mobile\"><figure class=\"wp-block-media-text__media\"><img loading=\"lazy\" decoding=\"async\" width=\"996\" height=\"576\" src=\"https:\/\/strzelnica.patronus.com.pl\/wp-content\/uploads\/2020\/09\/weihrauch-HW9.png\" alt=\"\" class=\"wp-image-339 size-full\" srcset=\"https:\/\/strzelnica.patronus.com.pl\/wp-content\/uploads\/2020\/09\/weihrauch-HW9.png 996w, https:\/\/strzelnica.patronus.com.pl\/wp-content\/uploads\/2020\/09\/weihrauch-HW9-300x173.png 300w, https:\/\/strzelnica.patronus.com.pl\/wp-content\/uploads\/2020\/09\/weihrauch-HW9-768x444.png 768w\" sizes=\"auto, (max-width: 996px) 100vw, 996px\" \/><\/figure><div class=\"wp-block-media-text__content\">\n<p class=\"has-normal-font-size\"><strong>ARMINIUS HW 9<\/strong> to rewolwer bocznego zap\u0142onu dzia\u0142aj\u0105cy w systemie Double Action. Solidnie wykonany, przeznaczony do trening\u00f3w a tak\u017ce na zawody strzeleckie. Czarny, oksydowany. Rewolwer posiada sta\u0142y spust, przyrz\u0105dy celownicze, regulowane w poziomie i pionie, w tym regulowany wizjer mikrometryczny. Niemiecka firma z wieloletni\u0105 tradycj\u0105 Hermann Weihrauch Revolver GmbH produkuje rewolwery wysokiej jako\u015bci \u201eMade in Germany\u201d pod nazw\u0105 \u201eArminius\u201d. Arminiusy znane s\u0105 na ca\u0142ym \u015bwiecie i ciesz\u0105 si\u0119 uznaniem w\u015br\u00f3d strzelc\u00f3w. Doskona\u0142a celno\u015b\u0107, wytrzyma\u0142o\u015b\u0107 i stabilna konstrukcja zamka gwarantuj\u0105 niezawodno\u015b\u0107 i bezpiecze\u0144stwo u\u017cytkowania.<\/p>\n\n\n\n<p class=\"has-normal-font-size\"><strong>Specyfikacja:<\/strong><br>Model: HW 9<br>Kaliber: .22lr<br>D\u0142ugo\u015b\u0107 lufy: 6&#8243; (152mm)<br>Waga ca\u0142kowita: 1390g<br>Pojemno\u015b\u0107 magazynka: 6-strz.<\/p>\n<\/div><\/div>\n\n\n\n<hr class=\"wp-block-separator has-text-color has-header-gradient-color has-css-opacity has-header-gradient-background-color has-background is-style-wide\"\/>\n\n\n\n<div class=\"wp-block-media-text alignwide is-stacked-on-mobile\"><figure class=\"wp-block-media-text__media\"><img loading=\"lazy\" decoding=\"async\" width=\"1024\" height=\"590\" src=\"https:\/\/strzelnica.patronus.com.pl\/wp-content\/uploads\/2020\/09\/HW7T-1024x590.png\" alt=\"\" class=\"wp-image-341 size-full\" srcset=\"https:\/\/strzelnica.patronus.com.pl\/wp-content\/uploads\/2020\/09\/HW7T-1024x590.png 1024w, https:\/\/strzelnica.patronus.com.pl\/wp-content\/uploads\/2020\/09\/HW7T-300x173.png 300w, https:\/\/strzelnica.patronus.com.pl\/wp-content\/uploads\/2020\/09\/HW7T-768x443.png 768w, https:\/\/strzelnica.patronus.com.pl\/wp-content\/uploads\/2020\/09\/HW7T.png 1117w\" sizes=\"auto, (max-width: 1024px) 100vw, 1024px\" \/><\/figure><div class=\"wp-block-media-text__content\">\n<p class=\"has-normal-font-size\"><strong>ARMINIUS HW 7T<\/strong> to rewolwer bocznego zap\u0142onu dzia\u0142aj\u0105cy w systemie Double Action. Solidnie wykonany, przeznaczony do trening\u00f3w a tak\u017ce na zawody strzeleckie. Czarny, oksydowany. Rewolwer posiada sta\u0142y spust, przyrz\u0105dy celownicze, regulowane w poziomie i pionie, w tym regulowany wizjer mikrometryczny. Niemiecka firma z wieloletni\u0105 tradycj\u0105 Hermann Weihrauch Revolver GmbH produkuje rewolwery wysokiej jako\u015bci \u201eMade in Germany\u201d pod nazw\u0105 \u201eArminius\u201d. Arminiusy znane s\u0105 na ca\u0142ym \u015bwiecie i ciesz\u0105 si\u0119 uznaniem w\u015br\u00f3d strzelc\u00f3w. Doskona\u0142a celno\u015b\u0107, wytrzyma\u0142o\u015b\u0107 i stabilna konstrukcja zamka gwarantuj\u0105 niezawodno\u015b\u0107 i bezpiecze\u0144stwo u\u017cytkowania.<\/p>\n\n\n\n<p class=\"has-normal-font-size\"><strong>Specyfikacja:<\/strong><br>Model: HW 7 T<br>Kaliber: .22lr<br>D\u0142ugo\u015b\u0107 lufy: 6&#8243;<br>Waga ca\u0142kowita: 880g<br>Pojemno\u015b\u0107 magazynka: 8-strz.<\/p>\n<\/div><\/div>\n\n\n\n<hr class=\"wp-block-separator has-text-color has-header-gradient-color has-css-opacity has-header-gradient-background-color has-background is-style-wide\"\/>\n\n\n\n<p class=\"has-text-align-center\"><a href=\"https:\/\/strzelnica.patronus.com.pl\/?page_id=601\"><strong><mark style=\"background-color:#2781e8\" class=\"has-inline-color has-white-color\">PISTOLETY<\/mark><\/strong><\/a><\/p>\n\n\n\n<hr class=\"wp-block-separator has-alpha-channel-opacity\"\/>\n\n\n\n<p class=\"has-text-align-center\"><strong><a href=\"https:\/\/strzelnica.patronus.com.pl\/?page_id=597\"><mark style=\"background-color:#2781e8\" class=\"has-inline-color has-white-color\">KARABINY\/STRZELBY<\/mark><\/a><\/strong><\/p>\n","protected":false},"excerpt":{"rendered":"<p>Rewolwer Taurus 692 Tracker SS Matte kal. 357 Mag\/9mmP to 7-strza\u0142owy rewolwer Taurus 692 Multi-Caliber z luf\u0105 6-1\/2 cala to nietuzinkowa konstrukcja pozwalaj\u0105ca na \u0142atw\u0105 zmian\u0119 u\u017cywanej amunicji z 38 Special +P\/357 Magnum na 9mm Luger Specyfikacja:Model: Taurus 692 TrackerKaliber: .357Mag, 38Spec i 38S&amp;W, 9mmP\/9\u00d719D\u0142ugo\u015b\u0107 lufy: 6,5&#8243; (16,5mm)Waga ca\u0142kowita: 1304gPojemno\u015b\u0107 [&hellip;]<\/p>\n","protected":false},"author":1,"featured_media":74,"parent":0,"menu_order":0,"comment_status":"closed","ping_status":"closed","template":"","meta":{"_themeisle_gutenberg_block_has_review":false,"footnotes":""},"class_list":["post-203","page","type-page","status-publish","has-post-thumbnail","hentry"],"_links":{"self":[{"href":"https:\/\/strzelnica.patronus.com.pl\/index.php?rest_route=\/wp\/v2\/pages\/203","targetHints":{"allow":["GET"]}}],"collection":[{"href":"https:\/\/strzelnica.patronus.com.pl\/index.php?rest_route=\/wp\/v2\/pages"}],"about":[{"href":"https:\/\/strzelnica.patronus.com.pl\/index.php?rest_route=\/wp\/v2\/types\/page"}],"author":[{"embeddable":true,"href":"https:\/\/strzelnica.patronus.com.pl\/index.php?rest_route=\/wp\/v2\/users\/1"}],"replies":[{"embeddable":true,"href":"https:\/\/strzelnica.patronus.com.pl\/index.php?rest_route=%2Fwp%2Fv2%2Fcomments&post=203"}],"version-history":[{"count":19,"href":"https:\/\/strzelnica.patronus.com.pl\/index.php?rest_route=\/wp\/v2\/pages\/203\/revisions"}],"predecessor-version":[{"id":1861,"href":"https:\/\/strzelnica.patronus.com.pl\/index.php?rest_route=\/wp\/v2\/pages\/203\/revisions\/1861"}],"wp:featuredmedia":[{"embeddable":true,"href":"https:\/\/strzelnica.patronus.com.pl\/index.php?rest_route=\/wp\/v2\/media\/74"}],"wp:attachment":[{"href":"https:\/\/strzelnica.patronus.com.pl\/index.php?rest_route=%2Fwp%2Fv2%2Fmedia&parent=203"}],"curies":[{"name":"wp","href":"https:\/\/api.w.org\/{rel}","templated":true}]}}