{"id":1768,"date":"2023-08-08T09:14:31","date_gmt":"2023-08-08T07:14:31","guid":{"rendered":"https:\/\/strzelnica.patronus.com.pl\/?page_id=1768"},"modified":"2023-12-14T09:43:47","modified_gmt":"2023-12-14T08:43:47","slug":"platformy-aktywne","status":"publish","type":"page","link":"https:\/\/strzelnica.patronus.com.pl\/?page_id=1768","title":{"rendered":"PLATFORMY AKTYWNE"},"content":{"rendered":"\n<h2 class=\"wp-block-heading alignwide has-text-align-center\">Na naszej strzelnicy, po wcze\u015bniejszym ustaleniu jest mo\u017cliwo\u015b\u0107 skorzystania z platform aktywnych, przydatnych w treningu strzeleckim. <\/h2>\n\n\n\n<hr class=\"wp-block-separator has-css-opacity is-style-wide\"\/>\n\n\n\n<div class=\"wp-block-media-text alignwide is-stacked-on-mobile\"><figure class=\"wp-block-media-text__media\"><img loading=\"lazy\" decoding=\"async\" width=\"1024\" height=\"1024\" src=\"https:\/\/strzelnica.patronus.com.pl\/wp-content\/uploads\/2023\/08\/GRAVITY_platforma_ar009-1024x1024.png\" alt=\"\" class=\"wp-image-1770 size-full\" srcset=\"https:\/\/strzelnica.patronus.com.pl\/wp-content\/uploads\/2023\/08\/GRAVITY_platforma_ar009-1024x1024.png 1024w, https:\/\/strzelnica.patronus.com.pl\/wp-content\/uploads\/2023\/08\/GRAVITY_platforma_ar009-300x300.png 300w, https:\/\/strzelnica.patronus.com.pl\/wp-content\/uploads\/2023\/08\/GRAVITY_platforma_ar009-150x150.png 150w, https:\/\/strzelnica.patronus.com.pl\/wp-content\/uploads\/2023\/08\/GRAVITY_platforma_ar009-768x768.png 768w, https:\/\/strzelnica.patronus.com.pl\/wp-content\/uploads\/2023\/08\/GRAVITY_platforma_ar009.png 1080w\" sizes=\"auto, (max-width: 1024px) 100vw, 1024px\" \/><\/figure><div class=\"wp-block-media-text__content\">\n<p id=\"block-09b9357b-89f4-4149-a900-f05e56c608b4\"><strong>Gravity Reactive Platform<\/strong><\/p>\n\n\n\n<p id=\"block-433394f2-994c-41b3-888a-cb7979996f05\">\u015awietna platforma reaktywna, s\u0142u\u017c\u0105cy do szybkiej zmiany cel\u00f3w.<\/p>\n\n\n\n<p id=\"block-051768c6-717b-4faf-90e6-6aac7bc1f6b5\">Po &#8222;odstrzeleniu&#8221; pi\u0119ciu gong\u00f3w, sz\u00f3stym resetujemy ca\u0142\u0105 platform\u0119.<\/p>\n\n\n\n<p id=\"block-0f976ab7-c0b6-4b5d-895c-aeef7832d3f1\">Idealna pod kaliber 9&#215;19 mm lub karabin 5,56&#215;45 mm<\/p>\n<\/div><\/div>\n\n\n\n<hr class=\"wp-block-separator has-css-opacity is-style-wide\"\/>\n\n\n\n<div class=\"wp-block-media-text alignwide is-stacked-on-mobile\"><figure class=\"wp-block-media-text__media\"><img loading=\"lazy\" decoding=\"async\" width=\"1024\" height=\"732\" src=\"https:\/\/strzelnica.patronus.com.pl\/wp-content\/uploads\/2023\/08\/mts_challenge22lr_1-1-1024x732.jpg\" alt=\"\" class=\"wp-image-1786 size-full\" srcset=\"https:\/\/strzelnica.patronus.com.pl\/wp-content\/uploads\/2023\/08\/mts_challenge22lr_1-1-1024x732.jpg 1024w, https:\/\/strzelnica.patronus.com.pl\/wp-content\/uploads\/2023\/08\/mts_challenge22lr_1-1-300x214.jpg 300w, https:\/\/strzelnica.patronus.com.pl\/wp-content\/uploads\/2023\/08\/mts_challenge22lr_1-1-768x549.jpg 768w, https:\/\/strzelnica.patronus.com.pl\/wp-content\/uploads\/2023\/08\/mts_challenge22lr_1-1-1536x1097.jpg 1536w, https:\/\/strzelnica.patronus.com.pl\/wp-content\/uploads\/2023\/08\/mts_challenge22lr_1-1.jpg 1600w\" sizes=\"auto, (max-width: 1024px) 100vw, 1024px\" \/><\/figure><div class=\"wp-block-media-text__content\">\n<p><strong>MTS Challenge 22LR<\/strong><\/p>\n\n\n\n<p>Reaktywna platforma obrotowa .22LR<\/p>\n\n\n\n<p>Zestaw o\u015bmiu gong\u00f3w strzeleckich na stojaku, daje mo\u017cliwo\u015b\u0107 stopniowania poziomu trudno\u015bci<\/p>\n\n\n\n<p>Przeznaczona do strzela\u0144 z pistolet\u00f3w i karabin\u00f3w bocznego zap\u0142onu w kalibrze 22LR.<\/p>\n\n\n\n<p>Trafienie celu sygnalizowane jest obrotem gongu<\/p>\n\n\n\n<p>Idealna do \u0107wicze\u0144 i zabawy od 5 do 50 metr\u00f3w<\/p>\n<\/div><\/div>\n\n\n\n<hr class=\"wp-block-separator has-css-opacity is-style-wide\"\/>\n\n\n\n<div class=\"wp-block-media-text alignwide is-stacked-on-mobile\"><figure class=\"wp-block-media-text__media\"><img loading=\"lazy\" decoding=\"async\" width=\"1024\" height=\"1024\" src=\"https:\/\/strzelnica.patronus.com.pl\/wp-content\/uploads\/2023\/08\/POPER1-DRZEWKO-AR-1024x1024.png\" alt=\"\" class=\"wp-image-1771 size-full\" srcset=\"https:\/\/strzelnica.patronus.com.pl\/wp-content\/uploads\/2023\/08\/POPER1-DRZEWKO-AR-1024x1024.png 1024w, https:\/\/strzelnica.patronus.com.pl\/wp-content\/uploads\/2023\/08\/POPER1-DRZEWKO-AR-300x300.png 300w, https:\/\/strzelnica.patronus.com.pl\/wp-content\/uploads\/2023\/08\/POPER1-DRZEWKO-AR-150x150.png 150w, https:\/\/strzelnica.patronus.com.pl\/wp-content\/uploads\/2023\/08\/POPER1-DRZEWKO-AR-768x768.png 768w, https:\/\/strzelnica.patronus.com.pl\/wp-content\/uploads\/2023\/08\/POPER1-DRZEWKO-AR.png 1080w\" sizes=\"auto, (max-width: 1024px) 100vw, 1024px\" \/><\/figure><div class=\"wp-block-media-text__content\">\n<p><strong>Duelling Tree<\/strong><\/p>\n\n\n\n<p>Drzewko strzeleckie przeznaczone dla jednego\/dw\u00f3ch strzelc\u00f3w.<\/p>\n\n\n\n<p>Stosowane do treningu\/rekreacji<\/p>\n\n\n\n<p>Idealne pod kaliber 9&#215;19 mm lub karabin 5,56&#215;45 mm<\/p>\n\n\n\n<p>Po zmianie paletek na l\u017cejsze znakomicie dzia\u0142a na kalibrze .22LR<\/p>\n\n\n\n<p>Cz\u0119sto stosowane do rywalizacje pomi\u0119dzy dwoma strzelcami.<\/p>\n\n\n\n<p>Pojedynek wygrywa ten strzelec, kt\u00f3ry pierwszy przestrzeli wszystkie gongi na stron\u0119 przeciwnika<\/p>\n<\/div><\/div>\n\n\n\n<hr class=\"wp-block-separator has-css-opacity is-style-wide\"\/>\n\n\n\n<div class=\"wp-block-media-text alignwide is-stacked-on-mobile\"><figure class=\"wp-block-media-text__media\"><img loading=\"lazy\" decoding=\"async\" width=\"1024\" height=\"1024\" src=\"https:\/\/strzelnica.patronus.com.pl\/wp-content\/uploads\/2023\/08\/TEKSAS-AR-SHOOTIN-POPER-1024x1024.png\" alt=\"\" class=\"wp-image-1772 size-full\" srcset=\"https:\/\/strzelnica.patronus.com.pl\/wp-content\/uploads\/2023\/08\/TEKSAS-AR-SHOOTIN-POPER-1024x1024.png 1024w, https:\/\/strzelnica.patronus.com.pl\/wp-content\/uploads\/2023\/08\/TEKSAS-AR-SHOOTIN-POPER-300x300.png 300w, https:\/\/strzelnica.patronus.com.pl\/wp-content\/uploads\/2023\/08\/TEKSAS-AR-SHOOTIN-POPER-150x150.png 150w, https:\/\/strzelnica.patronus.com.pl\/wp-content\/uploads\/2023\/08\/TEKSAS-AR-SHOOTIN-POPER-768x768.png 768w, https:\/\/strzelnica.patronus.com.pl\/wp-content\/uploads\/2023\/08\/TEKSAS-AR-SHOOTIN-POPER.png 1080w\" sizes=\"auto, (max-width: 1024px) 100vw, 1024px\" \/><\/figure><div class=\"wp-block-media-text__content\">\n<p><strong>Texas Star<\/strong><\/p>\n\n\n\n<p>Gwiazda Teksa\u0144ska jest celem reaktywnym kt\u00f3ry wymusza na strzelcu przewidywanie w jakim momencie nale\u017cy odda\u0107 strza\u0142.<\/p>\n\n\n\n<p>Idealna pod pistolet 9&#215;19 mm<\/p>\n\n\n\n<p>Zbicie pierwszego gongu powoduje zaburzenie r\u00f3wnowagi gwiazdy i wprawienie jej w ruch obrotowy, przez co str\u0105cenie pozosta\u0142ych gong\u00f3w jest nie lada wyzwaniem.<\/p>\n\n\n\n<p>Cel bardzo kreatywny, wymagaj\u0105cy poza podstawowymi umiej\u0119tno\u015bciami strzeleckimi, wyboru odpowiedniej do danego ruchu strategii.<\/p>\n<\/div><\/div>\n\n\n\n<div class=\"wp-block-media-text alignwide is-stacked-on-mobile\"><figure class=\"wp-block-media-text__media\"><img loading=\"lazy\" decoding=\"async\" width=\"1024\" height=\"1024\" src=\"https:\/\/strzelnica.patronus.com.pl\/wp-content\/uploads\/2023\/08\/POPPER_MAXI-strzelectwo-ar-metal-1024x1024.png\" alt=\"\" class=\"wp-image-1774 size-full\" srcset=\"https:\/\/strzelnica.patronus.com.pl\/wp-content\/uploads\/2023\/08\/POPPER_MAXI-strzelectwo-ar-metal-1024x1024.png 1024w, https:\/\/strzelnica.patronus.com.pl\/wp-content\/uploads\/2023\/08\/POPPER_MAXI-strzelectwo-ar-metal-300x300.png 300w, https:\/\/strzelnica.patronus.com.pl\/wp-content\/uploads\/2023\/08\/POPPER_MAXI-strzelectwo-ar-metal-150x150.png 150w, https:\/\/strzelnica.patronus.com.pl\/wp-content\/uploads\/2023\/08\/POPPER_MAXI-strzelectwo-ar-metal-768x768.png 768w, https:\/\/strzelnica.patronus.com.pl\/wp-content\/uploads\/2023\/08\/POPPER_MAXI-strzelectwo-ar-metal.png 1080w\" sizes=\"auto, (max-width: 1024px) 100vw, 1024px\" \/><\/figure><div class=\"wp-block-media-text__content\">\n<p><strong>Poper Maxi<\/strong><\/p>\n\n\n\n<p>Idealny pod karabin i pistolet<\/p>\n\n\n\n<p>Cel bardzo kreatywny, wymagaj\u0105cy poza podstawowymi umiej\u0119tno\u015bciami strzeleckimi, wyboru odpowiedniej do danego ruchu strategii.<\/p>\n<\/div><\/div>\n\n\n\n<div class=\"wp-block-media-text alignwide is-stacked-on-mobile\"><figure class=\"wp-block-media-text__media\"><img loading=\"lazy\" decoding=\"async\" width=\"1024\" height=\"1024\" src=\"https:\/\/strzelnica.patronus.com.pl\/wp-content\/uploads\/2023\/08\/popermini-9mm-ar-1024x1024.png\" alt=\"\" class=\"wp-image-1780 size-full\" srcset=\"https:\/\/strzelnica.patronus.com.pl\/wp-content\/uploads\/2023\/08\/popermini-9mm-ar-1024x1024.png 1024w, https:\/\/strzelnica.patronus.com.pl\/wp-content\/uploads\/2023\/08\/popermini-9mm-ar-300x300.png 300w, https:\/\/strzelnica.patronus.com.pl\/wp-content\/uploads\/2023\/08\/popermini-9mm-ar-150x150.png 150w, https:\/\/strzelnica.patronus.com.pl\/wp-content\/uploads\/2023\/08\/popermini-9mm-ar-768x768.png 768w, https:\/\/strzelnica.patronus.com.pl\/wp-content\/uploads\/2023\/08\/popermini-9mm-ar.png 1080w\" sizes=\"auto, (max-width: 1024px) 100vw, 1024px\" \/><\/figure><div class=\"wp-block-media-text__content\">\n<p><strong>Poper Mini<\/strong><\/p>\n\n\n\n<p>Idealny pod pistolet<\/p>\n\n\n\n<p>Cel bardzo kreatywny, wymagaj\u0105cy poza podstawowymi umiej\u0119tno\u015bciami strzeleckimi, wyboru odpowiedniej do danego ruchu strategii.<\/p>\n<\/div><\/div>\n\n\n\n<p><a href=\"http:\/\/46.149.209.84:5080\/LiveApp\/play.html?id=MSzWY9DYbQdD5phb1702543007160\">.<\/a><\/p>\n","protected":false},"excerpt":{"rendered":"<p>Na naszej strzelnicy, po wcze\u015bniejszym ustaleniu jest mo\u017cliwo\u015b\u0107 skorzystania z platform aktywnych, przydatnych w treningu strzeleckim. Gravity Reactive Platform \u015awietna platforma reaktywna, s\u0142u\u017c\u0105cy do szybkiej zmiany cel\u00f3w. Po &#8222;odstrzeleniu&#8221; pi\u0119ciu gong\u00f3w, sz\u00f3stym resetujemy ca\u0142\u0105 platform\u0119. Idealna pod kaliber 9&#215;19 mm lub karabin 5,56&#215;45 mm MTS Challenge 22LR Reaktywna platforma obrotowa [&hellip;]<\/p>\n","protected":false},"author":1,"featured_media":0,"parent":0,"menu_order":0,"comment_status":"closed","ping_status":"closed","template":"","meta":{"_themeisle_gutenberg_block_has_review":false,"footnotes":""},"class_list":["post-1768","page","type-page","status-publish","hentry"],"_links":{"self":[{"href":"https:\/\/strzelnica.patronus.com.pl\/index.php?rest_route=\/wp\/v2\/pages\/1768","targetHints":{"allow":["GET"]}}],"collection":[{"href":"https:\/\/strzelnica.patronus.com.pl\/index.php?rest_route=\/wp\/v2\/pages"}],"about":[{"href":"https:\/\/strzelnica.patronus.com.pl\/index.php?rest_route=\/wp\/v2\/types\/page"}],"author":[{"embeddable":true,"href":"https:\/\/strzelnica.patronus.com.pl\/index.php?rest_route=\/wp\/v2\/users\/1"}],"replies":[{"embeddable":true,"href":"https:\/\/strzelnica.patronus.com.pl\/index.php?rest_route=%2Fwp%2Fv2%2Fcomments&post=1768"}],"version-history":[{"count":12,"href":"https:\/\/strzelnica.patronus.com.pl\/index.php?rest_route=\/wp\/v2\/pages\/1768\/revisions"}],"predecessor-version":[{"id":1818,"href":"https:\/\/strzelnica.patronus.com.pl\/index.php?rest_route=\/wp\/v2\/pages\/1768\/revisions\/1818"}],"wp:attachment":[{"href":"https:\/\/strzelnica.patronus.com.pl\/index.php?rest_route=%2Fwp%2Fv2%2Fmedia&parent=1768"}],"curies":[{"name":"wp","href":"https:\/\/api.w.org\/{rel}","templated":true}]}}