{"id":137,"date":"2020-09-08T21:21:12","date_gmt":"2020-09-08T19:21:12","guid":{"rendered":"https:\/\/strzelnica.patronus.com.pl\/?page_id=137"},"modified":"2025-09-11T07:26:21","modified_gmt":"2025-09-11T05:26:21","slug":"lokalizacja","status":"publish","type":"page","link":"https:\/\/strzelnica.patronus.com.pl\/?page_id=137","title":{"rendered":"LOKALIZACJA"},"content":{"rendered":"\n<hr class=\"wp-block-separator has-text-color has-header-gradient-color has-css-opacity has-header-gradient-background-color has-background is-style-wide\"\/>\n\n\n<p>Jak nas znale\u017a\u0107? <br data-rich-text-line-break=\"true\" \/>Jad\u0105c od Jas\u0142a, kierujemy si\u0119 na Ko\u0142aczyce, nast\u0119pnie skr\u0119camy na rynku w Ko\u0142aczycach w prawo, drog\u0105 na Bie\u017adziedz\u0119.<\/p>\n<p>Po przejechaniu 800 metr\u00f3w mamy po prawej stronie charakterystyczny budynek Nadle\u015bnictwa Ko\u0142aczyce, mijamy go i 50 metr\u00f3w dalej skr\u0119camy w lewo na asfaltow\u0105 drog\u0119. <br data-rich-text-line-break=\"true\" \/>Tam za laskiem, w po\u0142owie g\u00f3rki po lewej stronie znajduje si\u0119 wjazd na strzelnic\u0119.<\/p>\n<p><strong>Wsp\u00f3\u0142rz\u0119dne GPS:<\/strong><\/p>\n<p><strong>49\u00b048&#8217;36.300&#8221; N<br \/><\/strong><\/p>\n<p><strong>21\u00b026&#8217;45.354&#8221; E<\/strong><\/p>\n<p>Zapraszamy<\/p>\n\n\n<hr class=\"wp-block-separator has-text-color has-header-gradient-color has-css-opacity has-header-gradient-background-color has-background is-style-wide\"\/>\n\n\n\n<div class=\"mapouter\"><div class=\"gmap_canvas\"><iframe loading=\"lazy\" width=\"800\" height=\"600\" id=\"gmap_canvas\" src=\"https:\/\/maps.google.com\/maps?q=strzelnica%20patronus&#038;t=k&#038;z=15&#038;ie=UTF8&#038;iwloc=&#038;output=embed\" frameborder=\"0\" scrolling=\"no\" marginheight=\"0\" marginwidth=\"0\"><\/iframe><a href=\"https:\/\/www.whatismyip-address.com\/divi-discount\/\">divi discount<\/a><br><style>.mapouter{position:relative;text-align:right;height:600px;width:800px;}<\/style><a href=\"https:\/\/www.embedgooglemap.net\"><\/a><style>.gmap_canvas {overflow:hidden;background:none!important;height:600px;width:800px;}<\/style><\/div><\/div>\n\n\n\n<hr class=\"wp-block-separator has-text-color has-header-gradient-color has-css-opacity has-header-gradient-background-color has-background is-style-wide\"\/>\n","protected":false},"excerpt":{"rendered":"<p>Jak nas znale\u017a\u0107? Jad\u0105c od Jas\u0142a, kierujemy si\u0119 na Ko\u0142aczyce, nast\u0119pnie skr\u0119camy na rynku w Ko\u0142aczycach w prawo, drog\u0105 na Bie\u017adziedz\u0119. Po przejechaniu 800 metr\u00f3w mamy po prawej stronie charakterystyczny budynek Nadle\u015bnictwa Ko\u0142aczyce, mijamy go i 50 metr\u00f3w dalej skr\u0119camy w lewo na asfaltow\u0105 drog\u0119. Tam za laskiem, w po\u0142owie [&hellip;]<\/p>\n","protected":false},"author":1,"featured_media":187,"parent":0,"menu_order":0,"comment_status":"closed","ping_status":"closed","template":"page-templates\/template-fullwidth.php","meta":{"_themeisle_gutenberg_block_has_review":false,"footnotes":""},"class_list":["post-137","page","type-page","status-publish","has-post-thumbnail","hentry"],"_links":{"self":[{"href":"https:\/\/strzelnica.patronus.com.pl\/index.php?rest_route=\/wp\/v2\/pages\/137","targetHints":{"allow":["GET"]}}],"collection":[{"href":"https:\/\/strzelnica.patronus.com.pl\/index.php?rest_route=\/wp\/v2\/pages"}],"about":[{"href":"https:\/\/strzelnica.patronus.com.pl\/index.php?rest_route=\/wp\/v2\/types\/page"}],"author":[{"embeddable":true,"href":"https:\/\/strzelnica.patronus.com.pl\/index.php?rest_route=\/wp\/v2\/users\/1"}],"replies":[{"embeddable":true,"href":"https:\/\/strzelnica.patronus.com.pl\/index.php?rest_route=%2Fwp%2Fv2%2Fcomments&post=137"}],"version-history":[{"count":14,"href":"https:\/\/strzelnica.patronus.com.pl\/index.php?rest_route=\/wp\/v2\/pages\/137\/revisions"}],"predecessor-version":[{"id":1995,"href":"https:\/\/strzelnica.patronus.com.pl\/index.php?rest_route=\/wp\/v2\/pages\/137\/revisions\/1995"}],"wp:featuredmedia":[{"embeddable":true,"href":"https:\/\/strzelnica.patronus.com.pl\/index.php?rest_route=\/wp\/v2\/media\/187"}],"wp:attachment":[{"href":"https:\/\/strzelnica.patronus.com.pl\/index.php?rest_route=%2Fwp%2Fv2%2Fmedia&parent=137"}],"curies":[{"name":"wp","href":"https:\/\/api.w.org\/{rel}","templated":true}]}}