{"id":1246,"date":"2022-05-25T08:52:13","date_gmt":"2022-05-25T06:52:13","guid":{"rendered":"https:\/\/strzelnica.patronus.com.pl\/?page_id=1246"},"modified":"2025-09-09T22:05:30","modified_gmt":"2025-09-09T20:05:30","slug":"wymagana-wczesniejsza-rezerwacja","status":"publish","type":"page","link":"https:\/\/strzelnica.patronus.com.pl\/?page_id=1246","title":{"rendered":"Dodatkowe jednostki broni"},"content":{"rendered":"\n<p class=\"has-text-align-center\"><br><\/p>\n\n\n\n<p class=\"has-text-align-center has-medium-font-size\"><strong>UWAGA !!! <\/strong><br><strong>Tylko po wcze\u015bniejszej rezerwacji<\/strong><\/p>\n\n\n\n<p class=\"has-text-align-center\">Napisz do <a href=\"mailto:krzysztof@strzelnica.patronus.com.pl?subject=Kontakt%20w%20sprawie%20rezerwacji%20terminu%20strzelania\">mnie<\/a> lub zadzwo\u0144 tel. <a href=\"tel:+48791221678\" target=\"_blank\" rel=\"noreferrer noopener\">791 221 678<\/a><\/p>\n\n\n\n<hr class=\"wp-block-separator has-css-opacity is-style-wide\"\/>\n\n\n\n<div class=\"wp-block-media-text alignwide is-stacked-on-mobile\"><figure class=\"wp-block-media-text__media\"><img loading=\"lazy\" decoding=\"async\" width=\"500\" height=\"500\" src=\"https:\/\/strzelnica.patronus.com.pl\/wp-content\/uploads\/2022\/05\/sw329pd_44cal.png\" alt=\"\" class=\"wp-image-1252 size-full\" srcset=\"https:\/\/strzelnica.patronus.com.pl\/wp-content\/uploads\/2022\/05\/sw329pd_44cal.png 500w, https:\/\/strzelnica.patronus.com.pl\/wp-content\/uploads\/2022\/05\/sw329pd_44cal-300x300.png 300w, https:\/\/strzelnica.patronus.com.pl\/wp-content\/uploads\/2022\/05\/sw329pd_44cal-150x150.png 150w\" sizes=\"auto, (max-width: 500px) 100vw, 500px\" \/><\/figure><div class=\"wp-block-media-text__content\">\n<p><strong>Rewolwer Smith &amp; Wesson Model 329PD<\/strong><\/p>\n\n\n\n<p>Kaliber: <strong>.44 Magnum, .44 S&amp;W Special<\/strong><br>Mechanizm uderzeniowy: Single\/Double Action<br>Pojemno\u015b\u0107 b\u0119bna: 6<br>D\u0142ugo\u015b\u0107 lufy: 4.125&#8243; \/ 10.477 cm<br>D\u0142ugo\u015b\u0107 ca\u0142kowita: 9.5&#8243;<br>Muszka: Pomara\u0144czowy punkt<br>Szczerbinka: zintegrowana U-Notch<br>Chwyt: Drewniany<br>Waga: 714.4g<br>Lufa wykonana z: Tytan\/Stal nierdzewna<br>B\u0119ben wykonany z: Stop tytanu<br>Szkielet wykonany z: Stop skandu<\/p>\n<\/div><\/div>\n\n\n\n<hr class=\"wp-block-separator has-css-opacity is-style-wide\"\/>\n\n\n\n<div class=\"wp-block-media-text alignwide is-stacked-on-mobile\"><figure class=\"wp-block-media-text__media\"><img loading=\"lazy\" decoding=\"async\" width=\"800\" height=\"533\" src=\"https:\/\/strzelnica.patronus.com.pl\/wp-content\/uploads\/2022\/05\/rewolwer-alfa-357magnum_38special.jpg\" alt=\"\" class=\"wp-image-1251 size-full\" srcset=\"https:\/\/strzelnica.patronus.com.pl\/wp-content\/uploads\/2022\/05\/rewolwer-alfa-357magnum_38special.jpg 800w, https:\/\/strzelnica.patronus.com.pl\/wp-content\/uploads\/2022\/05\/rewolwer-alfa-357magnum_38special-300x200.jpg 300w, https:\/\/strzelnica.patronus.com.pl\/wp-content\/uploads\/2022\/05\/rewolwer-alfa-357magnum_38special-768x512.jpg 768w, https:\/\/strzelnica.patronus.com.pl\/wp-content\/uploads\/2022\/05\/rewolwer-alfa-357magnum_38special-360x240.jpg 360w\" sizes=\"auto, (max-width: 800px) 100vw, 800px\" \/><\/figure><div class=\"wp-block-media-text__content\">\n<p><strong>Rewolwer Alfa-steel .357 Magnum mod. 3531<\/strong><\/p>\n\n\n\n<p>Czeski rewolwer o kalibrze .357 Magnum stworzony dla wymagaj\u0105cych u\u017cytkownik\u00f3w. Rewolwer polecany dla my\u015bliwych.<br><strong><br>Dane techniczne:<\/strong><\/p>\n\n\n\n<ul class=\"wp-block-list\">\n<li><strong>D\u0142ugo\u015b\u0107<\/strong>: 8.5&#8243; (217 milimetr\u00f3w)<\/li>\n\n\n\n<li><strong>D\u0142ugo\u015b\u0107 lufy<\/strong>, 3&#8243; (76 millimetr\u00f3w)<\/li>\n\n\n\n<li><strong>Waga<\/strong>, 1.9 funta (900 gram\u00f3w)<\/li>\n\n\n\n<li><strong>Ok\u0142adziny drewniane<\/strong><\/li>\n\n\n\n<li><strong>Regulowane przyrz\u0105dy celownicze<\/strong><\/li>\n<\/ul>\n<\/div><\/div>\n\n\n\n<hr class=\"wp-block-separator has-css-opacity is-style-wide\"\/>\n\n\n\n<div class=\"wp-block-media-text alignwide is-stacked-on-mobile\"><figure class=\"wp-block-media-text__media\"><img loading=\"lazy\" decoding=\"async\" width=\"1024\" height=\"865\" src=\"https:\/\/strzelnica.patronus.com.pl\/wp-content\/uploads\/2022\/05\/ria-1911-1024x865-1.jpg\" alt=\"\" class=\"wp-image-1248 size-full\" srcset=\"https:\/\/strzelnica.patronus.com.pl\/wp-content\/uploads\/2022\/05\/ria-1911-1024x865-1.jpg 1024w, https:\/\/strzelnica.patronus.com.pl\/wp-content\/uploads\/2022\/05\/ria-1911-1024x865-1-300x253.jpg 300w, https:\/\/strzelnica.patronus.com.pl\/wp-content\/uploads\/2022\/05\/ria-1911-1024x865-1-768x649.jpg 768w\" sizes=\"auto, (max-width: 1024px) 100vw, 1024px\" \/><\/figure><div class=\"wp-block-media-text__content\">\n<p>Pistolet Rock Island Armory M1911 A1 .45 ACP<br>(GI ENTRY FS)- klasyczna M1911 &#8222;nineteen eleven&#8221; od uznanego producenta Rock Island Armory.<br>Pistolet zosta\u0142 wytworzony z wysokogatunkowej stali 4140 a lufa wykonana metod\u0105 przeci\u0105gania bezwi\u00f3rowego. Ponadto ka\u017cdy egzemplarz jest r\u0119cznie pasowany a nast\u0119pnie testowany zgodnie z restrykcyjnymi wytycznymi. Bro\u0144 posiada matowe wyko\u0144czenie oraz gumowane ok\u0142adki r\u0119koje\u015bci.<\/p>\n<\/div><\/div>\n\n\n\n<hr class=\"wp-block-separator has-css-opacity is-style-wide\"\/>\n\n\n\n<div class=\"wp-block-media-text alignwide is-stacked-on-mobile\"><figure class=\"wp-block-media-text__media\"><img loading=\"lazy\" decoding=\"async\" width=\"807\" height=\"659\" src=\"https:\/\/strzelnica.patronus.com.pl\/wp-content\/uploads\/2022\/05\/vis_.png\" alt=\"\" class=\"wp-image-1247 size-full\" srcset=\"https:\/\/strzelnica.patronus.com.pl\/wp-content\/uploads\/2022\/05\/vis_.png 807w, https:\/\/strzelnica.patronus.com.pl\/wp-content\/uploads\/2022\/05\/vis_-300x245.png 300w, https:\/\/strzelnica.patronus.com.pl\/wp-content\/uploads\/2022\/05\/vis_-768x627.png 768w\" sizes=\"auto, (max-width: 807px) 100vw, 807px\" \/><\/figure><div class=\"wp-block-media-text__content\">\n<p>Pistolet VIS 100 M1 zasilany amunicj\u0105 9\u00d719 mm charakteryzuje si\u0119 ma\u0142\u0105 mas\u0105, optymalnymi wymiarami, dobr\u0105 manewrowo\u015bci\u0105 prowadzenia ognia, szybko\u015bci\u0105 u\u017cycia oraz wysokim stopniem bezpiecze\u0144stwa. Dostosowany jest do u\u017cytkowania zar\u00f3wno przez strzelc\u00f3w prawo, jak i lewor\u0119cznych.<br>Szkielet broni wykonano z lekkiego i wytrzyma\u0142ego stopu aluminium. Posiada automatyczny bezpiecznik, kt\u00f3ry chroni przed przypadkowym i przedwczesnym strza\u0142em. Dodatkowo zastosowano tzw. zwalniacz napi\u0119tego kurka (decocker).<\/p>\n<\/div><\/div>\n\n\n\n<hr class=\"wp-block-separator has-css-opacity is-style-wide\"\/>\n\n\n\n<p><\/p>\n","protected":false},"excerpt":{"rendered":"<p>UWAGA !!! Tylko po wcze\u015bniejszej rezerwacji Napisz do mnie lub zadzwo\u0144 tel. 791 221 678 Rewolwer Smith &amp; Wesson Model 329PD Kaliber: .44 Magnum, .44 S&amp;W SpecialMechanizm uderzeniowy: Single\/Double ActionPojemno\u015b\u0107 b\u0119bna: 6D\u0142ugo\u015b\u0107 lufy: 4.125&#8243; \/ 10.477 cmD\u0142ugo\u015b\u0107 ca\u0142kowita: 9.5&#8243;Muszka: Pomara\u0144czowy punktSzczerbinka: zintegrowana U-NotchChwyt: DrewnianyWaga: 714.4gLufa wykonana z: Tytan\/Stal nierdzewnaB\u0119ben wykonany [&hellip;]<\/p>\n","protected":false},"author":1,"featured_media":0,"parent":0,"menu_order":0,"comment_status":"closed","ping_status":"closed","template":"page-templates\/template-fullwidth.php","meta":{"_themeisle_gutenberg_block_has_review":false,"footnotes":""},"class_list":["post-1246","page","type-page","status-publish","hentry"],"_links":{"self":[{"href":"https:\/\/strzelnica.patronus.com.pl\/index.php?rest_route=\/wp\/v2\/pages\/1246","targetHints":{"allow":["GET"]}}],"collection":[{"href":"https:\/\/strzelnica.patronus.com.pl\/index.php?rest_route=\/wp\/v2\/pages"}],"about":[{"href":"https:\/\/strzelnica.patronus.com.pl\/index.php?rest_route=\/wp\/v2\/types\/page"}],"author":[{"embeddable":true,"href":"https:\/\/strzelnica.patronus.com.pl\/index.php?rest_route=\/wp\/v2\/users\/1"}],"replies":[{"embeddable":true,"href":"https:\/\/strzelnica.patronus.com.pl\/index.php?rest_route=%2Fwp%2Fv2%2Fcomments&post=1246"}],"version-history":[{"count":17,"href":"https:\/\/strzelnica.patronus.com.pl\/index.php?rest_route=\/wp\/v2\/pages\/1246\/revisions"}],"predecessor-version":[{"id":1972,"href":"https:\/\/strzelnica.patronus.com.pl\/index.php?rest_route=\/wp\/v2\/pages\/1246\/revisions\/1972"}],"wp:attachment":[{"href":"https:\/\/strzelnica.patronus.com.pl\/index.php?rest_route=%2Fwp%2Fv2%2Fmedia&parent=1246"}],"curies":[{"name":"wp","href":"https:\/\/api.w.org\/{rel}","templated":true}]}}