{"id":116,"date":"2020-09-08T20:59:32","date_gmt":"2020-09-08T18:59:32","guid":{"rendered":"https:\/\/strzelnica.patronus.com.pl\/?page_id=116"},"modified":"2025-09-11T07:02:39","modified_gmt":"2025-09-11T05:02:39","slug":"cennik","status":"publish","type":"page","link":"https:\/\/strzelnica.patronus.com.pl\/?page_id=116","title":{"rendered":"W\u0141ASNA BRO\u0143"},"content":{"rendered":"\n<hr class=\"wp-block-separator has-alpha-channel-opacity is-style-wide\"\/>\n\n\n\n<h2 class=\"wp-block-heading has-text-align-center has-large-font-size\">Wynajem stanowiska dla os\u00f3b posiadaj\u0105cych pozwolenie na bro\u0144.<\/h2>\n\n\n\n<hr class=\"wp-block-separator has-alpha-channel-opacity is-style-wide\"\/>\n\n\n\n<p class=\"has-text-align-center has-black-color has-text-color\"><em><strong>Strzelnica dost\u0119pna tylko i wy\u0142\u0105cznie po um\u00f3wieniu i potwierdzeniu wizyty.<br>Je\u017celi chcesz przyj\u015b\u0107 z osob\u0105 towarzysz\u0105c\u0105, poinformuj nas o tym,<br>poniewa\u017c mamy ograniczon\u0105 liczb\u0119 miejsc.<\/strong><\/em><\/p>\n\n\n\n<p class=\"has-text-align-center has-accent-color has-text-color\"><em><strong>BEZWZGLEDNY ZAKAZ U\u017bYWANIA AMUNICJI Z RDZENIEM STALOWYM !!!<\/strong><\/em><\/p>\n\n\n\n<hr class=\"wp-block-separator has-alpha-channel-opacity is-style-wide\"\/>\n\n\n\n<p>Wynaj\u0119te stanowisko zawiera dost\u0119p do toru o d\u0142ugo\u015bci do 100m.<br>Mo\u017cna korzysta\u0107 z metalowych gong\u00f3w po wcze\u015bniejszym ustaleniu z jakiego kalibru do nich strzelamy.<br>Do dyspozycji dwu metrowy stojak do przyczepienia tarcz.<br>Wymagane okulary ochronne, ochronniki s\u0142uchu zalecane.<br>Na miejscu jest mo\u017cliwo\u015b\u0107 wypo\u017cyczenia ochronnik\u00f3w s\u0142uchu i okular\u00f3w. <\/p>\n\n\n\n<p>Mo\u017cna korzysta\u0107 ze swoich tarcz lub zakupi\u0107 tarcze na strzelnicy.<\/p>\n\n\n\n<p>Osoby wynajmuj\u0105ce tor, a NIEPOSIADAJ\u0104CE PROWADZ\u0104CEGO STRZELANIE s\u0105 zobowi\u0105zane przed wynaj\u0119ciem toru poinformowa\u0107 o tym podczas rezerwowania terminu strzelania.<\/p>\n\n\n\n<hr class=\"wp-block-separator has-alpha-channel-opacity is-style-wide\"\/>\n\n\n\n<p class=\"has-text-align-center\"><strong>CENNIK<\/strong><\/p>\n\n\n\n<p>50,00 z\u0142 &#8211; wynajem stanowiska do 1h liczone od ka\u017cdej osoby przebywaj\u0105cej na torze.<br>40,00 z\u0142 &#8211; wynajem stanowiska do 1h liczone od ka\u017cdej osoby przebywaj\u0105cej na torze nale\u017c\u0105cej do Stowarzyszenia PATRONUS<\/p>\n\n\n\n<p>5,00 z\u0142 &#8211; wynajem s\u0142uchawek na 1h<br>5,00 z\u0142 &#8211; wynajem okular\u00f3w na 1h<br>3,00 z\u0142 &#8211; tarcza IPSC<br>2,00 z\u0142 &#8211; tarcza TS-2 (TS-4) lub TS-9 lub TS-10 lub TS-1<\/p>\n\n\n\n<hr class=\"wp-block-separator has-alpha-channel-opacity is-style-wide\"\/>\n\n\n\n<p class=\"has-text-align-center\"><strong>Dodatkowe zasady obowi\u0105zuj\u0105ce na strzelnicy<\/strong><\/p>\n\n\n\n<hr class=\"wp-block-separator has-alpha-channel-opacity is-style-wide\"\/>\n\n\n\n<p>Zabrania si\u0119 odk\u0142adanie za\u0142adowanej broni w czasie przerw w strzelaniu.<\/p>\n\n\n\n<p>Bro\u0144 po strzelaniu odk\u0142adamy bez magazynka, z otwartym zamkiem i je\u015bli PROWADZ\u0104CY STRZELANIE tak wskaza\u0142, to dodatkowo wprowadzamy flag\u0119 bezpiecze\u0144stwa do komory nabojowej. <\/p>\n\n\n\n<p>Flagi bezpiecze\u0144stwa s\u0105 dost\u0119pne u PROWADZACEGO STRZELANIE.<\/p>\n\n\n\n<p>Podczas sprawdzania komory nabojowej, nie przekaszamy broni do g\u00f3ry ani do do\u0142u.<br>W ka\u017cdej pozycji w kt\u00f3rej bierzemy bro\u0144 do r\u0119ki, lufa jest ca\u0142y czas skierowana w kierunku kulochwytu.<\/p>\n\n\n\n<hr class=\"wp-block-separator has-alpha-channel-opacity is-style-wide\"\/>\n\n\n\n<p class=\"has-text-align-center\"><strong>Dzia\u0142ania jakie wykonujemy na polecenia wydawane przez <\/strong>PROWADZ\u0104CEGO STRZELANIE<strong>:<\/strong><\/p>\n\n\n\n<hr class=\"wp-block-separator has-alpha-channel-opacity is-style-wide\"\/>\n\n\n\n<p><strong>NA STANOWISKA<\/strong> &#8211; (przechodzimy do wyznaczonych stanowisk, wyci\u0105gamy bro\u0144, odpinamy magazynek (je\u017celi jest podpi\u0119ty), sprawdzamy komor\u0119 nabojow\u0105, oddajemy strza\u0142 kontrolny\/u\u017cywamy decocera w kierunku celu, blokujemy zamek w tylnej pozycji, odk\u0142adamy roz\u0142adowan\u0105 bro\u0144, wyci\u0105gamy amunicj\u0119)<br><strong>\u0141ADUJ<\/strong> &#8211;  (strzelaj\u0105cy \u0142aduje magazynek nabojami, podpina go do broni i m\u00f3wi <strong>GOT\u00d3W<\/strong>, lufa skierowana ca\u0142y czas w stron\u0119 kulochwytu)<br><strong>START<\/strong> &#8211;  (wprowadzamy nab\u00f3j do komory, rozpoczynamy strzelanie)<br><strong>STOP<\/strong> &#8211;  (przerywamy strzelanie)<br><strong>ROZ\u0141ADUJ<\/strong> &#8211; (wyci\u0105gamy magazynek, je\u017celi zamek nie zatrzyma\u0142 si\u0119 w tylnej pozycji, otwieramy zamek, sprawdzamy komor\u0119 nabojow\u0105, wprowadzamy flag\u0119 bezpiecze\u0144stwa do komory nabojowej, odk\u0142adamy bro\u0144)<br><strong>DO TARCZ<\/strong> &#8211; (idziemy z prowadz\u0105cym strzelanie do tarcz w celu obejrzenia wynik\u00f3w)<\/p>\n\n\n\n<hr class=\"wp-block-separator has-alpha-channel-opacity is-style-wide\"\/>\n","protected":false},"excerpt":{"rendered":"<p>Wynajem stanowiska dla os\u00f3b posiadaj\u0105cych pozwolenie na bro\u0144. Strzelnica dost\u0119pna tylko i wy\u0142\u0105cznie po um\u00f3wieniu i potwierdzeniu wizyty.Je\u017celi chcesz przyj\u015b\u0107 z osob\u0105 towarzysz\u0105c\u0105, poinformuj nas o tym,poniewa\u017c mamy ograniczon\u0105 liczb\u0119 miejsc. BEZWZGLEDNY ZAKAZ U\u017bYWANIA AMUNICJI Z RDZENIEM STALOWYM !!! Wynaj\u0119te stanowisko zawiera dost\u0119p do toru o d\u0142ugo\u015bci do 100m.Mo\u017cna korzysta\u0107 [&hellip;]<\/p>\n","protected":false},"author":1,"featured_media":187,"parent":0,"menu_order":0,"comment_status":"closed","ping_status":"closed","template":"page-templates\/template-fullwidth.php","meta":{"_themeisle_gutenberg_block_has_review":false,"footnotes":""},"class_list":["post-116","page","type-page","status-publish","has-post-thumbnail","hentry"],"_links":{"self":[{"href":"https:\/\/strzelnica.patronus.com.pl\/index.php?rest_route=\/wp\/v2\/pages\/116","targetHints":{"allow":["GET"]}}],"collection":[{"href":"https:\/\/strzelnica.patronus.com.pl\/index.php?rest_route=\/wp\/v2\/pages"}],"about":[{"href":"https:\/\/strzelnica.patronus.com.pl\/index.php?rest_route=\/wp\/v2\/types\/page"}],"author":[{"embeddable":true,"href":"https:\/\/strzelnica.patronus.com.pl\/index.php?rest_route=\/wp\/v2\/users\/1"}],"replies":[{"embeddable":true,"href":"https:\/\/strzelnica.patronus.com.pl\/index.php?rest_route=%2Fwp%2Fv2%2Fcomments&post=116"}],"version-history":[{"count":81,"href":"https:\/\/strzelnica.patronus.com.pl\/index.php?rest_route=\/wp\/v2\/pages\/116\/revisions"}],"predecessor-version":[{"id":1981,"href":"https:\/\/strzelnica.patronus.com.pl\/index.php?rest_route=\/wp\/v2\/pages\/116\/revisions\/1981"}],"wp:featuredmedia":[{"embeddable":true,"href":"https:\/\/strzelnica.patronus.com.pl\/index.php?rest_route=\/wp\/v2\/media\/187"}],"wp:attachment":[{"href":"https:\/\/strzelnica.patronus.com.pl\/index.php?rest_route=%2Fwp%2Fv2%2Fmedia&parent=116"}],"curies":[{"name":"wp","href":"https:\/\/api.w.org\/{rel}","templated":true}]}}